{"id":5468,"date":"2023-05-15T08:12:17","date_gmt":"2023-05-15T08:12:17","guid":{"rendered":"https:\/\/www.atvquadotwock.pl\/sklep\/?post_type=product&#038;p=5468"},"modified":"2024-01-12T14:13:34","modified_gmt":"2024-01-12T14:13:34","slug":"relokator-z-snorklami-do-cfmoto-625-520","status":"publish","type":"product","link":"https:\/\/www.atvquadotwock.pl\/sklep\/produkt\/relokator-z-snorklami-do-cfmoto-625-520\/","title":{"rendered":"relokator z snorklami do cfmoto 625 520"},"content":{"rendered":"<p>Relokator ch\u0142odnice ze snorklami z wszystkimi kolankami, przej\u015bci\u00f3wkami,<\/p>\n<p>zastosowanie : Cfmoto cforce 625 2020-2023 , X5 H.O. -2015-&gt;, pasuje r\u00f3wnie\u017c do CFMOTO 520 po lekkich modyfikacjach<\/p>\n<p>Opis produktu:<br \/>\nRelokator wykonany z aluminium, malowanego proszkowo w kolorze czarno<br \/>\nPrzystosowany do oryginalnej ch\u0142odnicy. Zawiera wszystkie elementy monta\u017cowe (wsporniki , osprz\u0119t i w\u0119\u017ce )<br \/>\nK\u0105t nachylenia mo\u017cna \u0142atwo regulowa\u0107<br \/>\nZaprojektowany z my\u015bl\u0105 o \u0142atwym odpowietrzaniu i konserwacji uk\u0142adu ch\u0142odzenia<\/p>\n","protected":false},"excerpt":{"rendered":"<p>Relokator ch\u0142odnice ze snorklami z wszystkimi kolankami, przej\u015bci\u00f3wkami, zastosowanie : Cfmoto cforce 625 2020-2023 , X5 H.O. -2015-&gt;, pasuje r\u00f3wnie\u017c&hellip;<\/p>\n","protected":false},"featured_media":5471,"template":"","meta":{"spay_email":""},"product_cat":[106],"product_tag":[],"woo-feed-brand":[],"acf":[],"_links":{"self":[{"href":"https:\/\/www.atvquadotwock.pl\/sklep\/wp-json\/wp\/v2\/product\/5468"}],"collection":[{"href":"https:\/\/www.atvquadotwock.pl\/sklep\/wp-json\/wp\/v2\/product"}],"about":[{"href":"https:\/\/www.atvquadotwock.pl\/sklep\/wp-json\/wp\/v2\/types\/product"}],"wp:featuredmedia":[{"embeddable":true,"href":"https:\/\/www.atvquadotwock.pl\/sklep\/wp-json\/wp\/v2\/media\/5471"}],"wp:attachment":[{"href":"https:\/\/www.atvquadotwock.pl\/sklep\/wp-json\/wp\/v2\/media?parent=5468"}],"wp:term":[{"taxonomy":"product_cat","embeddable":true,"href":"https:\/\/www.atvquadotwock.pl\/sklep\/wp-json\/wp\/v2\/product_cat?post=5468"},{"taxonomy":"product_tag","embeddable":true,"href":"https:\/\/www.atvquadotwock.pl\/sklep\/wp-json\/wp\/v2\/product_tag?post=5468"},{"taxonomy":"woo-feed-brand","embeddable":true,"href":"https:\/\/www.atvquadotwock.pl\/sklep\/wp-json\/wp\/v2\/woo-feed-brand?post=5468"}],"curies":[{"name":"wp","href":"https:\/\/api.w.org\/{rel}","templated":true}]}}