{"id":534,"date":"2020-06-04T14:56:20","date_gmt":"2020-06-04T14:56:20","guid":{"rendered":"https:\/\/www.atvquadotwock.pl\/sklep\/?post_type=product&#038;p=534"},"modified":"2022-10-26T10:48:59","modified_gmt":"2022-10-26T10:48:59","slug":"tuleja-piasty-450-520-550-600-820-z6-z8-z10-9060-050003-7020-060702","status":"publish","type":"product","link":"https:\/\/www.atvquadotwock.pl\/sklep\/produkt\/tuleja-piasty-450-520-550-600-820-z6-z8-z10-9060-050003-7020-060702\/","title":{"rendered":"TULEJA PIASTY ERTALON 450 520 550 600 820 Z6 Z8 Z10 (9060-050003) (7020-060702) tuleje"},"content":{"rendered":"<p>Tuleje wykonane s\u0105 z bardzo wytrzyma\u0142ego materia\u0142u- ertalonu i stali nierdzewnej<br \/>\nPrecyzyjnie dopasowane<br \/>\nZnacznie wyd\u0142u\u017caj\u0105 okresy pomi\u0119dzy naprawami<br \/>\nZawiera niezb\u0119dne elementy do regeneracji \u0142\u0105czenia wahacza od strony zwrotnicy<br \/>\nna g\u00f3rny i dolny wahacz<\/p>\n<p>Do wersji z aluminiowymi piastam!<\/p>\n<p>zestaw jest na 1 ko\u0142o.<\/p>\n<p>WERSJA Z STALOW\u0104 ZWROTNIC\u0104 NA INNEJ AUKCJI!<\/p>\n","protected":false},"excerpt":{"rendered":"<p>Tuleje wykonane s\u0105 z bardzo wytrzyma\u0142ego materia\u0142u- ertalonu i stali nierdzewnej Precyzyjnie dopasowane Znacznie wyd\u0142u\u017caj\u0105 okresy pomi\u0119dzy naprawami Zawiera niezb\u0119dne&hellip;<\/p>\n","protected":false},"featured_media":535,"template":"","meta":{"spay_email":""},"product_cat":[90,91,92,93,106,96,109,107,40],"product_tag":[],"woo-feed-brand":[],"acf":[],"_links":{"self":[{"href":"https:\/\/www.atvquadotwock.pl\/sklep\/wp-json\/wp\/v2\/product\/534"}],"collection":[{"href":"https:\/\/www.atvquadotwock.pl\/sklep\/wp-json\/wp\/v2\/product"}],"about":[{"href":"https:\/\/www.atvquadotwock.pl\/sklep\/wp-json\/wp\/v2\/types\/product"}],"wp:featuredmedia":[{"embeddable":true,"href":"https:\/\/www.atvquadotwock.pl\/sklep\/wp-json\/wp\/v2\/media\/535"}],"wp:attachment":[{"href":"https:\/\/www.atvquadotwock.pl\/sklep\/wp-json\/wp\/v2\/media?parent=534"}],"wp:term":[{"taxonomy":"product_cat","embeddable":true,"href":"https:\/\/www.atvquadotwock.pl\/sklep\/wp-json\/wp\/v2\/product_cat?post=534"},{"taxonomy":"product_tag","embeddable":true,"href":"https:\/\/www.atvquadotwock.pl\/sklep\/wp-json\/wp\/v2\/product_tag?post=534"},{"taxonomy":"woo-feed-brand","embeddable":true,"href":"https:\/\/www.atvquadotwock.pl\/sklep\/wp-json\/wp\/v2\/woo-feed-brand?post=534"}],"curies":[{"name":"wp","href":"https:\/\/api.w.org\/{rel}","templated":true}]}}