{"id":5333,"date":"2023-04-20T09:43:58","date_gmt":"2023-04-20T09:43:58","guid":{"rendered":"https:\/\/www.atvquadotwock.pl\/sklep\/?post_type=product&#038;p=5333"},"modified":"2023-04-20T09:45:24","modified_gmt":"2023-04-20T09:45:24","slug":"zderzak-bumper-przod-cfmoto-450-520-cf-moto-model-2023","status":"publish","type":"product","link":"https:\/\/www.atvquadotwock.pl\/sklep\/produkt\/zderzak-bumper-przod-cfmoto-450-520-cf-moto-model-2023\/","title":{"rendered":"Zderzak Bumper PRZ\u00d3D CFMOTO 450 520 CF MOTO MODEL 2023+"},"content":{"rendered":"<p>Posiada \u015brubki oraz mocowania do monta\u017cu.<\/p>\n<p>NIE TRZEBA NIC WIERCI\u0106. PASUJE W FABRYCZNE MOCOWANIA.<\/p>\n<p>MALOWANY PROSZKOWO. WYSOKA JAKO\u015a\u0106<\/p>\n","protected":false},"excerpt":{"rendered":"<p>Posiada \u015brubki oraz mocowania do monta\u017cu. NIE TRZEBA NIC WIERCI\u0106. PASUJE W FABRYCZNE MOCOWANIA. MALOWANY PROSZKOWO. WYSOKA JAKO\u015a\u0106<\/p>\n","protected":false},"featured_media":4978,"template":"","meta":{"spay_email":""},"product_cat":[123,41],"product_tag":[105],"woo-feed-brand":[],"acf":[],"_links":{"self":[{"href":"https:\/\/www.atvquadotwock.pl\/sklep\/wp-json\/wp\/v2\/product\/5333"}],"collection":[{"href":"https:\/\/www.atvquadotwock.pl\/sklep\/wp-json\/wp\/v2\/product"}],"about":[{"href":"https:\/\/www.atvquadotwock.pl\/sklep\/wp-json\/wp\/v2\/types\/product"}],"wp:featuredmedia":[{"embeddable":true,"href":"https:\/\/www.atvquadotwock.pl\/sklep\/wp-json\/wp\/v2\/media\/4978"}],"wp:attachment":[{"href":"https:\/\/www.atvquadotwock.pl\/sklep\/wp-json\/wp\/v2\/media?parent=5333"}],"wp:term":[{"taxonomy":"product_cat","embeddable":true,"href":"https:\/\/www.atvquadotwock.pl\/sklep\/wp-json\/wp\/v2\/product_cat?post=5333"},{"taxonomy":"product_tag","embeddable":true,"href":"https:\/\/www.atvquadotwock.pl\/sklep\/wp-json\/wp\/v2\/product_tag?post=5333"},{"taxonomy":"woo-feed-brand","embeddable":true,"href":"https:\/\/www.atvquadotwock.pl\/sklep\/wp-json\/wp\/v2\/woo-feed-brand?post=5333"}],"curies":[{"name":"wp","href":"https:\/\/api.w.org\/{rel}","templated":true}]}}