{"id":532,"date":"2020-06-03T13:15:45","date_gmt":"2020-06-03T13:15:45","guid":{"rendered":"https:\/\/www.atvquadotwock.pl\/sklep\/?post_type=product&#038;p=532"},"modified":"2023-01-31T10:57:20","modified_gmt":"2023-01-31T10:57:20","slug":"rekawice-skorzano-tekstylne-roz-xl-czerwono-czarne","status":"publish","type":"product","link":"https:\/\/www.atvquadotwock.pl\/sklep\/produkt\/rekawice-skorzano-tekstylne-roz-xl-czerwono-czarne\/","title":{"rendered":"R\u0119kawice sk\u00f3rzano-tekstylne roz. XL czerwono czarne"},"content":{"rendered":"<p>R\u0119kawice letnie sk\u00f3rzano-tekstylne<\/p>\n<p>Wysokiej jako\u015bci letnie rekawice w rozs\u0105dnej cenie<br \/>\nDolna cz\u0119\u015b\u0107 r\u0119kawiczek pokryta materia\u0142em antypo\u015blizgowym<br \/>\nIdealna wentylacja d\u0142oni<br \/>\nZapinane na wytrzyma\u0142y rzep<br \/>\nMateria\u0142y : 40% sk\u00f3ra syntetyczna, 30% Nylon, 20% kauczuk chloroprenowy,10% guma<\/p>\n","protected":false},"excerpt":{"rendered":"<p>R\u0119kawice letnie sk\u00f3rzano-tekstylne Wysokiej jako\u015bci letnie rekawice w rozs\u0105dnej cenie Dolna cz\u0119\u015b\u0107 r\u0119kawiczek pokryta materia\u0142em antypo\u015blizgowym Idealna wentylacja d\u0142oni Zapinane&hellip;<\/p>\n","protected":false},"featured_media":531,"template":"","meta":{"spay_email":""},"product_cat":[70],"product_tag":[],"woo-feed-brand":[],"acf":[],"_links":{"self":[{"href":"https:\/\/www.atvquadotwock.pl\/sklep\/wp-json\/wp\/v2\/product\/532"}],"collection":[{"href":"https:\/\/www.atvquadotwock.pl\/sklep\/wp-json\/wp\/v2\/product"}],"about":[{"href":"https:\/\/www.atvquadotwock.pl\/sklep\/wp-json\/wp\/v2\/types\/product"}],"wp:featuredmedia":[{"embeddable":true,"href":"https:\/\/www.atvquadotwock.pl\/sklep\/wp-json\/wp\/v2\/media\/531"}],"wp:attachment":[{"href":"https:\/\/www.atvquadotwock.pl\/sklep\/wp-json\/wp\/v2\/media?parent=532"}],"wp:term":[{"taxonomy":"product_cat","embeddable":true,"href":"https:\/\/www.atvquadotwock.pl\/sklep\/wp-json\/wp\/v2\/product_cat?post=532"},{"taxonomy":"product_tag","embeddable":true,"href":"https:\/\/www.atvquadotwock.pl\/sklep\/wp-json\/wp\/v2\/product_tag?post=532"},{"taxonomy":"woo-feed-brand","embeddable":true,"href":"https:\/\/www.atvquadotwock.pl\/sklep\/wp-json\/wp\/v2\/woo-feed-brand?post=532"}],"curies":[{"name":"wp","href":"https:\/\/api.w.org\/{rel}","templated":true}]}}