{"id":5291,"date":"2023-04-14T07:00:19","date_gmt":"2023-04-14T07:00:19","guid":{"rendered":"https:\/\/www.atvquadotwock.pl\/sklep\/?post_type=product&#038;p=5291"},"modified":"2023-04-20T09:48:24","modified_gmt":"2023-04-20T09:48:24","slug":"sruba-spustowa-i-wlewowa-ampul-2w1-m14x1-25","status":"publish","type":"product","link":"https:\/\/www.atvquadotwock.pl\/sklep\/produkt\/sruba-spustowa-i-wlewowa-ampul-2w1-m14x1-25\/","title":{"rendered":"\u015bruba spustowa i wlewowa ampul 2w1 m14x1.25 cfmoto dyfra"},"content":{"rendered":"<p>\u015bruba spustowa i wlewowa wymiar m14x1.25 skok<\/p>\n<p>DO DYFR\u00d3W W CFMOTO<\/p>\n<p>PROSZ\u0118 SPRAWDZI\u0106 ROZMIAR SWOJEJ \u015aRUBY GWINT M14 i skok<\/p>\n","protected":false},"excerpt":{"rendered":"<p>\u015bruba spustowa i wlewowa wymiar m14x1.25 skok DO DYFR\u00d3W W CFMOTO PROSZ\u0118 SPRAWDZI\u0106 ROZMIAR SWOJEJ \u015aRUBY GWINT M14 i skok<\/p>\n","protected":false},"featured_media":5293,"template":"","meta":{"spay_email":""},"product_cat":[123,90,91,92,93,106,95,96,97,98,109,107],"product_tag":[],"woo-feed-brand":[],"acf":[],"_links":{"self":[{"href":"https:\/\/www.atvquadotwock.pl\/sklep\/wp-json\/wp\/v2\/product\/5291"}],"collection":[{"href":"https:\/\/www.atvquadotwock.pl\/sklep\/wp-json\/wp\/v2\/product"}],"about":[{"href":"https:\/\/www.atvquadotwock.pl\/sklep\/wp-json\/wp\/v2\/types\/product"}],"wp:featuredmedia":[{"embeddable":true,"href":"https:\/\/www.atvquadotwock.pl\/sklep\/wp-json\/wp\/v2\/media\/5293"}],"wp:attachment":[{"href":"https:\/\/www.atvquadotwock.pl\/sklep\/wp-json\/wp\/v2\/media?parent=5291"}],"wp:term":[{"taxonomy":"product_cat","embeddable":true,"href":"https:\/\/www.atvquadotwock.pl\/sklep\/wp-json\/wp\/v2\/product_cat?post=5291"},{"taxonomy":"product_tag","embeddable":true,"href":"https:\/\/www.atvquadotwock.pl\/sklep\/wp-json\/wp\/v2\/product_tag?post=5291"},{"taxonomy":"woo-feed-brand","embeddable":true,"href":"https:\/\/www.atvquadotwock.pl\/sklep\/wp-json\/wp\/v2\/woo-feed-brand?post=5291"}],"curies":[{"name":"wp","href":"https:\/\/api.w.org\/{rel}","templated":true}]}}