{"id":5202,"date":"2023-03-29T15:25:25","date_gmt":"2023-03-29T15:25:25","guid":{"rendered":"https:\/\/www.atvquadotwock.pl\/sklep\/?post_type=product&#038;p=5202"},"modified":"2025-09-02T11:26:02","modified_gmt":"2025-09-02T11:26:02","slug":"sterowanie-na-kierownice-do-wyciagarki-przelacznik","status":"publish","type":"product","link":"https:\/\/www.atvquadotwock.pl\/sklep\/produkt\/sterowanie-na-kierownice-do-wyciagarki-przelacznik\/","title":{"rendered":"Sterowanie na kierownic\u0119 do wyci\u0105garki prze\u0142\u0105cznik"},"content":{"rendered":"<p>Sterownik na kierownice do wyci\u0105garki<\/p>\n<p>z przewodem\u00a0i uchwytem montazowym\u00a0 do kierownicy<\/p>\n","protected":false},"excerpt":{"rendered":"<p>Sterownik na kierownice do wyci\u0105garki z przewodem\u00a0i uchwytem montazowym\u00a0 do kierownicy<\/p>\n","protected":false},"featured_media":0,"template":"","meta":{"spay_email":""},"product_cat":[80,91],"product_tag":[],"woo-feed-brand":[],"acf":[],"_links":{"self":[{"href":"https:\/\/www.atvquadotwock.pl\/sklep\/wp-json\/wp\/v2\/product\/5202"}],"collection":[{"href":"https:\/\/www.atvquadotwock.pl\/sklep\/wp-json\/wp\/v2\/product"}],"about":[{"href":"https:\/\/www.atvquadotwock.pl\/sklep\/wp-json\/wp\/v2\/types\/product"}],"wp:attachment":[{"href":"https:\/\/www.atvquadotwock.pl\/sklep\/wp-json\/wp\/v2\/media?parent=5202"}],"wp:term":[{"taxonomy":"product_cat","embeddable":true,"href":"https:\/\/www.atvquadotwock.pl\/sklep\/wp-json\/wp\/v2\/product_cat?post=5202"},{"taxonomy":"product_tag","embeddable":true,"href":"https:\/\/www.atvquadotwock.pl\/sklep\/wp-json\/wp\/v2\/product_tag?post=5202"},{"taxonomy":"woo-feed-brand","embeddable":true,"href":"https:\/\/www.atvquadotwock.pl\/sklep\/wp-json\/wp\/v2\/woo-feed-brand?post=5202"}],"curies":[{"name":"wp","href":"https:\/\/api.w.org\/{rel}","templated":true}]}}