{"id":513,"date":"2020-06-02T11:45:35","date_gmt":"2020-06-02T11:45:35","guid":{"rendered":"https:\/\/www.atvquadotwock.pl\/sklep\/?post_type=product&#038;p=513"},"modified":"2024-11-15T16:01:42","modified_gmt":"2024-11-15T16:01:42","slug":"zestaw-naprawczy-gaznika-cfmoto-500-x5","status":"publish","type":"product","link":"https:\/\/www.atvquadotwock.pl\/sklep\/produkt\/zestaw-naprawczy-gaznika-cfmoto-500-x5\/","title":{"rendered":"Zestaw naprawczy Ga\u017anika CFMOTO 500 X5"},"content":{"rendered":"<p>Zestaw naprawczy do ga\u017anika CFMOTO 500<\/p>\n<p>Mo\u017ce zawiera\u0107 wi\u0119cej rzeczy ni\u017c potrzebne bo jest to uniwersalny zestaw pasuj\u0105cy do ga\u017anika CFMOTO.<br \/>\nNapewno zawiera uszczelke obudowy, znany zaworek kt\u00f3ry po kilku latach potrafi przepuszcza\u0107 paliwo i cieknie na postoju (standardowy problem w CF500 po kilku latach), kilka dysz. Zestaw sprawdzony i polecany przez nasz serwis. Te same zestawy s\u0105 w naszych pojazdach na wypo\u017cyczalni.<\/p>\n","protected":false},"excerpt":{"rendered":"<p>Zestaw naprawczy do ga\u017anika CFMOTO 500 Mo\u017ce zawiera\u0107 wi\u0119cej rzeczy ni\u017c potrzebne bo jest to uniwersalny zestaw pasuj\u0105cy do ga\u017anika&hellip;<\/p>\n","protected":false},"featured_media":514,"template":"","meta":{"spay_email":""},"product_cat":[112,100,30,42],"product_tag":[],"woo-feed-brand":[],"acf":[],"_links":{"self":[{"href":"https:\/\/www.atvquadotwock.pl\/sklep\/wp-json\/wp\/v2\/product\/513"}],"collection":[{"href":"https:\/\/www.atvquadotwock.pl\/sklep\/wp-json\/wp\/v2\/product"}],"about":[{"href":"https:\/\/www.atvquadotwock.pl\/sklep\/wp-json\/wp\/v2\/types\/product"}],"wp:featuredmedia":[{"embeddable":true,"href":"https:\/\/www.atvquadotwock.pl\/sklep\/wp-json\/wp\/v2\/media\/514"}],"wp:attachment":[{"href":"https:\/\/www.atvquadotwock.pl\/sklep\/wp-json\/wp\/v2\/media?parent=513"}],"wp:term":[{"taxonomy":"product_cat","embeddable":true,"href":"https:\/\/www.atvquadotwock.pl\/sklep\/wp-json\/wp\/v2\/product_cat?post=513"},{"taxonomy":"product_tag","embeddable":true,"href":"https:\/\/www.atvquadotwock.pl\/sklep\/wp-json\/wp\/v2\/product_tag?post=513"},{"taxonomy":"woo-feed-brand","embeddable":true,"href":"https:\/\/www.atvquadotwock.pl\/sklep\/wp-json\/wp\/v2\/woo-feed-brand?post=513"}],"curies":[{"name":"wp","href":"https:\/\/api.w.org\/{rel}","templated":true}]}}