{"id":5097,"date":"2023-03-17T08:34:13","date_gmt":"2023-03-17T08:34:13","guid":{"rendered":"https:\/\/www.atvquadotwock.pl\/sklep\/?post_type=product&#038;p=5097"},"modified":"2025-02-17T14:35:36","modified_gmt":"2025-02-17T14:35:36","slug":"zderzak-bumper-do-cfmoto-450-520-najnowszy-model-2023-przednie-orurowanie-oryginalny","status":"publish","type":"product","link":"https:\/\/www.atvquadotwock.pl\/sklep\/produkt\/zderzak-bumper-do-cfmoto-450-520-najnowszy-model-2023-przednie-orurowanie-oryginalny\/","title":{"rendered":"Zderzak Bumper do CFMOTO 450 520 najnowszy model 2023+ przednie orurowanie oryginalny"},"content":{"rendered":"<p>Oryginalny zderzak bumper do najnowszego modelu CFMOTO 450 520<\/p>\n<p>Do wszystkich wersji czy to kr\u00f3tki czy long.<\/p>\n<p>Zderzak oryginalny od CFMOTO. Wszystko pasuje idealnie bez wiercenia itp. Posiada zestaw \u015brubek do monta\u017cu.\u00a0 Wystawiamy faktur\u0119 VAT lub paragon. Wysy\u0142ka ca\u0142a Polska i kraje Unii Europejskiej. Lub odbi\u00f3r osobisty w sklepie 05-400 Otwock ul. \u0141ugi 82.<\/p>\n<p>&nbsp;<\/p>\n<p>Szukasz wi\u0119cej dodatk\u00f3w lub cz\u0119\u015bci? Napisz do nas. Postaramy si\u0119 pom\u00f3c.<\/p>\n","protected":false},"excerpt":{"rendered":"<p>Oryginalny zderzak bumper do najnowszego modelu CFMOTO 450 520 Do wszystkich wersji czy to kr\u00f3tki czy long. Zderzak oryginalny od&hellip;<\/p>\n","protected":false},"featured_media":5098,"template":"","meta":{"spay_email":""},"product_cat":[123,41],"product_tag":[],"woo-feed-brand":[],"acf":[],"_links":{"self":[{"href":"https:\/\/www.atvquadotwock.pl\/sklep\/wp-json\/wp\/v2\/product\/5097"}],"collection":[{"href":"https:\/\/www.atvquadotwock.pl\/sklep\/wp-json\/wp\/v2\/product"}],"about":[{"href":"https:\/\/www.atvquadotwock.pl\/sklep\/wp-json\/wp\/v2\/types\/product"}],"wp:featuredmedia":[{"embeddable":true,"href":"https:\/\/www.atvquadotwock.pl\/sklep\/wp-json\/wp\/v2\/media\/5098"}],"wp:attachment":[{"href":"https:\/\/www.atvquadotwock.pl\/sklep\/wp-json\/wp\/v2\/media?parent=5097"}],"wp:term":[{"taxonomy":"product_cat","embeddable":true,"href":"https:\/\/www.atvquadotwock.pl\/sklep\/wp-json\/wp\/v2\/product_cat?post=5097"},{"taxonomy":"product_tag","embeddable":true,"href":"https:\/\/www.atvquadotwock.pl\/sklep\/wp-json\/wp\/v2\/product_tag?post=5097"},{"taxonomy":"woo-feed-brand","embeddable":true,"href":"https:\/\/www.atvquadotwock.pl\/sklep\/wp-json\/wp\/v2\/woo-feed-brand?post=5097"}],"curies":[{"name":"wp","href":"https:\/\/api.w.org\/{rel}","templated":true}]}}