{"id":5079,"date":"2023-03-15T11:48:06","date_gmt":"2023-03-15T11:48:06","guid":{"rendered":"https:\/\/www.atvquadotwock.pl\/sklep\/?post_type=product&#038;p=5079"},"modified":"2023-03-15T12:06:02","modified_gmt":"2023-03-15T12:06:02","slug":"drazek-kierowniczy-koncowki-drazka-odes-650-800-1000-rm-duo","status":"publish","type":"product","link":"https:\/\/www.atvquadotwock.pl\/sklep\/produkt\/drazek-kierowniczy-koncowki-drazka-odes-650-800-1000-rm-duo\/","title":{"rendered":"Dr\u0105\u017cek kierowniczy ko\u0144c\u00f3wki dr\u0105\u017cka Odes 650 800 1000 RM DUO"},"content":{"rendered":"<p>13605120001<\/p>\n<p>&nbsp;<\/p>\n<p>Dr\u0105\u017cek kompletny z ko\u0144c\u00f3wkami do ODESA 650 800 RM DUO 1000 SZUKASZ INNYCH CZ\u0118\u015aCI DO ODESA? NAPISZ LUB ZADZWO\u0143<\/p>\n","protected":false},"excerpt":{"rendered":"<p>13605120001 &nbsp; Dr\u0105\u017cek kompletny z ko\u0144c\u00f3wkami do ODESA 650 800 RM DUO 1000 SZUKASZ INNYCH CZ\u0118\u015aCI DO ODESA? NAPISZ LUB&hellip;<\/p>\n","protected":false},"featured_media":0,"template":"","meta":{"spay_email":""},"product_cat":[120],"product_tag":[],"woo-feed-brand":[],"acf":[],"_links":{"self":[{"href":"https:\/\/www.atvquadotwock.pl\/sklep\/wp-json\/wp\/v2\/product\/5079"}],"collection":[{"href":"https:\/\/www.atvquadotwock.pl\/sklep\/wp-json\/wp\/v2\/product"}],"about":[{"href":"https:\/\/www.atvquadotwock.pl\/sklep\/wp-json\/wp\/v2\/types\/product"}],"wp:attachment":[{"href":"https:\/\/www.atvquadotwock.pl\/sklep\/wp-json\/wp\/v2\/media?parent=5079"}],"wp:term":[{"taxonomy":"product_cat","embeddable":true,"href":"https:\/\/www.atvquadotwock.pl\/sklep\/wp-json\/wp\/v2\/product_cat?post=5079"},{"taxonomy":"product_tag","embeddable":true,"href":"https:\/\/www.atvquadotwock.pl\/sklep\/wp-json\/wp\/v2\/product_tag?post=5079"},{"taxonomy":"woo-feed-brand","embeddable":true,"href":"https:\/\/www.atvquadotwock.pl\/sklep\/wp-json\/wp\/v2\/woo-feed-brand?post=5079"}],"curies":[{"name":"wp","href":"https:\/\/api.w.org\/{rel}","templated":true}]}}