{"id":5016,"date":"2023-03-10T09:05:59","date_gmt":"2023-03-10T09:05:59","guid":{"rendered":"https:\/\/www.atvquadotwock.pl\/sklep\/?post_type=product&#038;p=5016"},"modified":"2023-05-18T07:32:37","modified_gmt":"2023-05-18T07:32:37","slug":"5016","status":"publish","type":"product","link":"https:\/\/www.atvquadotwock.pl\/sklep\/produkt\/5016\/","title":{"rendered":"QUAD DLA DZIECI CFORCE 110 T3B"},"content":{"rendered":"<div class=\"specification__Row-sc-1qyw43l-1 itBgeR\">\n<h4 class=\"typography__Heading-sc-xchk67-0 kUiBa\"><em>BEZPIECZNY \/ SZYBKI W TERENIE<\/em><\/h4>\n<h5 class=\"typography__Heading-sc-xchk67-0 kUiBa\">CFORCE 110 zapewnia wi\u0119cej frajdy dla dzieci i m\u0142odzie\u017cy, a przy tym zosta\u0142 zaprojektowany w trosce o ich bezpiecze\u0144stwo. Pojazd jest wyposa\u017cony w kilka takich samych funkcji, jakie mo\u017cna znale\u017a\u0107 w pe\u0142nowymiarowych quadach, w tym posiada niezale\u017cne przednie zawieszenie z podw\u00f3jnymi wahaczami, hamulce tarczowe i rozrusznik elektryczny. Jego silnik SOHC o pojemno\u015bci 110 cm3 jest wyposa\u017cony we wtrysk paliwa EFI i zosta\u0142 zestrojony tak, aby zapewnia\u0142 p\u0142ynn\u0105, liniow\u0105 moc \u2014 idealn\u0105 dla ucz\u0105cych si\u0119 kierowc\u00f3w i pocz\u0105tkuj\u0105cych amator\u00f3w terenowej jazdy.<\/h5>\n<p>Technologia oddaje w\u0142adz\u0119 w r\u0119ce rodzic\u00f3w, a m\u0142odzi kierowcy znajduj\u0105 si\u0119 w bezpiecznym miejscu, w zasi\u0119gu ich wzroku. Dzi\u0119ki przyst\u0119pnym osi\u0105gom dzieci mog\u0105 uczy\u0107 si\u0119 we w\u0142asnym tempie, a ich umiej\u0119tno\u015bci mog\u0105 rozwija\u0107 si\u0119 stopniowo. W zestawie z pojazdem otrzymaj\u0105 kask CFMOTO. O szczeg\u00f3\u0142y zapytaj lokalnego dealera marki.<\/p>\n<h3 class=\"typography__Heading-sc-xchk67-0 introduction__DesktopHeading-sc-1467fnm-3 ifpisv cYrgqJ\">SZALE\u0143STWO OD NAJM\u0141ODSZYCH LAT<br \/>\n<i><\/i><\/h3>\n<pre class=\"typography__Heading-sc-xchk67-0 introduction__DesktopHeading-sc-1467fnm-3 ifpisv cYrgqJ\"><strong>CFORCE 110 to quad dedykowany dla ma\u0142ych podbojowicz\u00f3w.<\/strong>\r\n<strong>Z my\u015bl\u0105 o nich, wyposa\u017cyli\u015bmy pojazd w kompaktowe, zwinne podwozie terenowe.<\/strong><\/pre>\n<h3 class=\"typography__Heading-sc-xchk67-0 lbZMkX\">SPECYFIKACJA<\/h3>\n<\/div>\n<div class=\"accordion\" data-accordion-component=\"Accordion\">\n<div class=\"specification__StyledAccordionItem-sc-1qyw43l-3 fMdkGu\" data-accordion-component=\"AccordionItem\">\n<div class=\"accordion__heading\" role=\"heading\" data-accordion-component=\"AccordionItemHeading\" aria-level=\"3\">\n<pre id=\"accordion__heading-:r0:\" class=\"specification__StyledAccordionItemButton-sc-1qyw43l-4 bEGGCk\" tabindex=\"0\" role=\"button\" aria-disabled=\"false\" aria-expanded=\"true\" aria-controls=\"accordion__panel-:r0:\" data-accordion-component=\"AccordionItemButton\"><strong>PODSTAWOWE PARAMETRY<span class=\"image__ImageWrapper-sc-r0yiu2-1 bWVRqo icon__StyledIcon-sc-y8udn2-0 kYaWkb\"><img class=\"image__ImageInner-sc-r0yiu2-0 dBKKB\" src=\"data:image\/svg+xml;base64,PHN2ZyB4bWxucz0iaHR0cDovL3d3dy53My5vcmcvMjAwMC9zdmciCiAgICB4bWxuczp4bGluaz0iaHR0cDovL3d3dy53My5vcmcvMTk5OS94bGluayIgd2lkdGg9IjEycHgiIGhlaWdodD0iMTdweCI+CiAgICA8cGF0aCBmaWxsLXJ1bGU9ImV2ZW5vZGQiIGZpbGw9InJnYigyNTUsIDI1NSwgMjU1KSIgZD0iTTAuOTYyLDIuNDcyIEwzLjA4MywwLjM1MSBMMTEuMDM4LDguMzA1IEw4LjkxNywxMC40MjcgTDAuOTYyLDIuNDcyIFoiLz4KICAgIDxwYXRoIGZpbGwtcnVsZT0iZXZlbm9kZCIgZmlsbD0icmdiKDI1NSwgMjU1LCAyNTUpIiBkPSJNOS4xOTcsNi41MTQgTDExLjI0OSw4LjU2NyBMMy41NTMsMTYuMjYzIEwxLjUwMSwxNC4yMTEgTDkuMTk3LDYuNTE0IFoiLz4KPC9zdmc+\" alt=\"\" \/><\/span><\/strong><\/pre>\n<\/div>\n<div id=\"accordion__panel-:r0:\" class=\"specification__StyledAccordionItemPanel-sc-1qyw43l-5 eavoBI\" data-accordion-component=\"AccordionItemPanel\">\n<p class=\"typography__Text-sc-xchk67-1 cnKysE\"><strong>TYP SILNIKA<\/strong><\/p>\n<p class=\"typography__Text-sc-xchk67-1 hfniXA\"><strong>110 cc, uk\u0142ad wtryskowy EFI<\/strong><\/p>\n<p class=\"typography__Text-sc-xchk67-1 cnKysE\"><strong>POJEMNO\u015a\u0106<\/strong><\/p>\n<p class=\"typography__Text-sc-xchk67-1 hfniXA\"><strong>110 cc<\/strong><\/p>\n<p class=\"typography__Text-sc-xchk67-1 cnKysE\"><strong>MAKSYMALNA PR\u0118DKO\u015a\u0106<\/strong><\/p>\n<p class=\"typography__Text-sc-xchk67-1 hfniXA\"><strong>45 km\/h<\/strong><\/p>\n<p class=\"typography__Text-sc-xchk67-1 cnKysE\"><strong>D\u0141UGO\u015a\u0106 X SZEROKO\u015a\u0106 X WYSOKO\u015a\u0106<\/strong><\/p>\n<p class=\"typography__Text-sc-xchk67-1 hfniXA\"><strong>1490 x 950 x 925 m<\/strong><\/p>\n<p class=\"typography__Text-sc-xchk67-1 hfniXA\"><strong><span style=\"font-size: 1em;\">MASA &#8211; 125 kg<\/span><\/strong><\/p>\n<p class=\"typography__Text-sc-xchk67-1 hfniXA\"><strong><span style=\"font-size: 1em;\">WIEK &#8211; 10+<\/span><\/strong><\/p>\n<div class=\"specification__TechnicalDataItem-sc-1qyw43l-6 deiaMj\">\n<p><strong>ZAPRASZAMY DO NASZEGO AUTORYZOWANEGO SERWISU CF MOTO<\/strong><br \/>\n<strong>ATV-QUAD<\/strong><br \/>\n<strong>facebook.com\/quadyotwock<\/strong><br \/>\n<strong>Otwock ul. \u0141ugi 82<\/strong><br \/>\n<strong>Tel. 791 477 830 lub <\/strong><strong>E-mail: <em>sklep@atvquadotwock.pl<\/em><\/strong><\/p>\n<\/div>\n<\/div>\n<\/div>\n<\/div>\n","protected":false},"excerpt":{"rendered":"<p>BEZPIECZNY \/ SZYBKI W TERENIE CFORCE 110 zapewnia wi\u0119cej frajdy dla dzieci i m\u0142odzie\u017cy, a przy tym zosta\u0142 zaprojektowany w&hellip;<\/p>\n","protected":false},"featured_media":5017,"template":"","meta":{"spay_email":""},"product_cat":[15],"product_tag":[],"woo-feed-brand":[],"acf":[],"_links":{"self":[{"href":"https:\/\/www.atvquadotwock.pl\/sklep\/wp-json\/wp\/v2\/product\/5016"}],"collection":[{"href":"https:\/\/www.atvquadotwock.pl\/sklep\/wp-json\/wp\/v2\/product"}],"about":[{"href":"https:\/\/www.atvquadotwock.pl\/sklep\/wp-json\/wp\/v2\/types\/product"}],"wp:featuredmedia":[{"embeddable":true,"href":"https:\/\/www.atvquadotwock.pl\/sklep\/wp-json\/wp\/v2\/media\/5017"}],"wp:attachment":[{"href":"https:\/\/www.atvquadotwock.pl\/sklep\/wp-json\/wp\/v2\/media?parent=5016"}],"wp:term":[{"taxonomy":"product_cat","embeddable":true,"href":"https:\/\/www.atvquadotwock.pl\/sklep\/wp-json\/wp\/v2\/product_cat?post=5016"},{"taxonomy":"product_tag","embeddable":true,"href":"https:\/\/www.atvquadotwock.pl\/sklep\/wp-json\/wp\/v2\/product_tag?post=5016"},{"taxonomy":"woo-feed-brand","embeddable":true,"href":"https:\/\/www.atvquadotwock.pl\/sklep\/wp-json\/wp\/v2\/woo-feed-brand?post=5016"}],"curies":[{"name":"wp","href":"https:\/\/api.w.org\/{rel}","templated":true}]}}