{"id":5010,"date":"2023-03-10T08:40:22","date_gmt":"2023-03-10T08:40:22","guid":{"rendered":"https:\/\/www.atvquadotwock.pl\/sklep\/?post_type=product&#038;p=5010"},"modified":"2026-01-26T13:16:35","modified_gmt":"2026-01-26T13:16:35","slug":"poszerzenie-nadkoli-cfmoto-850-1000-tuningowe-zestaw","status":"publish","type":"product","link":"https:\/\/www.atvquadotwock.pl\/sklep\/produkt\/poszerzenie-nadkoli-cfmoto-850-1000-tuningowe-zestaw\/","title":{"rendered":"Poszerzenia nadkoli elastyczne CFMOTO 850 1000 gen3 tuningowe zestaw"},"content":{"rendered":"<p>W zestawie 4szt + spinki.<\/p>\n<p>Nadkola poszerza o 5cm. Idealna sprawa po monta\u017cu dystans\u00f3w k\u00f3\u0142 oraz r\u00f3wnie\u017c do ochrony przed b\u0142otem.<\/p>\n<p>Wykonane z mi\u0119kkiego plastiku, po uderzeniu wraca ponownie do swojego kszta\u0142tu.<\/p>\n<p>&nbsp;<\/p>\n<p><iframe loading=\"lazy\" title=\"Pierwszy tuning NOWEGO modelu CFMOTO 1000 &amp; 850 gen3 Bumpery zderzaki poszerzenia nadkoli\" width=\"1140\" height=\"641\" src=\"https:\/\/www.youtube.com\/embed\/G2dRPj0nUSQ?feature=oembed\" frameborder=\"0\" allow=\"accelerometer; autoplay; clipboard-write; encrypted-media; gyroscope; picture-in-picture; web-share\" referrerpolicy=\"strict-origin-when-cross-origin\" allowfullscreen><\/iframe><\/p>\n<p>&nbsp;<\/p>\n<p>&nbsp;<\/p>\n","protected":false},"excerpt":{"rendered":"<p>W zestawie 4szt + spinki. Nadkola poszerza o 5cm. Idealna sprawa po monta\u017cu dystans\u00f3w k\u00f3\u0142 oraz r\u00f3wnie\u017c do ochrony przed&hellip;<\/p>\n","protected":false},"featured_media":7361,"template":"","meta":{"spay_email":""},"product_cat":[87],"product_tag":[],"woo-feed-brand":[],"acf":[],"_links":{"self":[{"href":"https:\/\/www.atvquadotwock.pl\/sklep\/wp-json\/wp\/v2\/product\/5010"}],"collection":[{"href":"https:\/\/www.atvquadotwock.pl\/sklep\/wp-json\/wp\/v2\/product"}],"about":[{"href":"https:\/\/www.atvquadotwock.pl\/sklep\/wp-json\/wp\/v2\/types\/product"}],"wp:featuredmedia":[{"embeddable":true,"href":"https:\/\/www.atvquadotwock.pl\/sklep\/wp-json\/wp\/v2\/media\/7361"}],"wp:attachment":[{"href":"https:\/\/www.atvquadotwock.pl\/sklep\/wp-json\/wp\/v2\/media?parent=5010"}],"wp:term":[{"taxonomy":"product_cat","embeddable":true,"href":"https:\/\/www.atvquadotwock.pl\/sklep\/wp-json\/wp\/v2\/product_cat?post=5010"},{"taxonomy":"product_tag","embeddable":true,"href":"https:\/\/www.atvquadotwock.pl\/sklep\/wp-json\/wp\/v2\/product_tag?post=5010"},{"taxonomy":"woo-feed-brand","embeddable":true,"href":"https:\/\/www.atvquadotwock.pl\/sklep\/wp-json\/wp\/v2\/woo-feed-brand?post=5010"}],"curies":[{"name":"wp","href":"https:\/\/api.w.org\/{rel}","templated":true}]}}