{"id":4999,"date":"2023-03-09T13:51:29","date_gmt":"2023-03-09T13:51:29","guid":{"rendered":"https:\/\/www.atvquadotwock.pl\/sklep\/?post_type=product&#038;p=4999"},"modified":"2023-03-09T15:22:06","modified_gmt":"2023-03-09T15:22:06","slug":"odblask-czerwony-tyl-cfmoto-5190-160230","status":"publish","type":"product","link":"https:\/\/www.atvquadotwock.pl\/sklep\/produkt\/odblask-czerwony-tyl-cfmoto-5190-160230\/","title":{"rendered":"odblask czerwony ty\u0142 cfmoto 5190-160230"},"content":{"rendered":"<p>odblask czerwony pasuje do wi\u0119kszo\u015bci modeli<\/p>\n","protected":false},"excerpt":{"rendered":"<p>odblask czerwony pasuje do wi\u0119kszo\u015bci modeli<\/p>\n","protected":false},"featured_media":5001,"template":"","meta":{"spay_email":""},"product_cat":[44,20],"product_tag":[],"woo-feed-brand":[],"acf":[],"_links":{"self":[{"href":"https:\/\/www.atvquadotwock.pl\/sklep\/wp-json\/wp\/v2\/product\/4999"}],"collection":[{"href":"https:\/\/www.atvquadotwock.pl\/sklep\/wp-json\/wp\/v2\/product"}],"about":[{"href":"https:\/\/www.atvquadotwock.pl\/sklep\/wp-json\/wp\/v2\/types\/product"}],"wp:featuredmedia":[{"embeddable":true,"href":"https:\/\/www.atvquadotwock.pl\/sklep\/wp-json\/wp\/v2\/media\/5001"}],"wp:attachment":[{"href":"https:\/\/www.atvquadotwock.pl\/sklep\/wp-json\/wp\/v2\/media?parent=4999"}],"wp:term":[{"taxonomy":"product_cat","embeddable":true,"href":"https:\/\/www.atvquadotwock.pl\/sklep\/wp-json\/wp\/v2\/product_cat?post=4999"},{"taxonomy":"product_tag","embeddable":true,"href":"https:\/\/www.atvquadotwock.pl\/sklep\/wp-json\/wp\/v2\/product_tag?post=4999"},{"taxonomy":"woo-feed-brand","embeddable":true,"href":"https:\/\/www.atvquadotwock.pl\/sklep\/wp-json\/wp\/v2\/woo-feed-brand?post=4999"}],"curies":[{"name":"wp","href":"https:\/\/api.w.org\/{rel}","templated":true}]}}