{"id":4982,"date":"2023-03-09T11:19:00","date_gmt":"2023-03-09T11:19:00","guid":{"rendered":"https:\/\/www.atvquadotwock.pl\/sklep\/?post_type=product&#038;p=4982"},"modified":"2023-03-09T11:39:44","modified_gmt":"2023-03-09T11:39:44","slug":"zderzak-bumper-tyl-cfmoto-450-520-cf-moto-model-2023","status":"publish","type":"product","link":"https:\/\/www.atvquadotwock.pl\/sklep\/produkt\/zderzak-bumper-tyl-cfmoto-450-520-cf-moto-model-2023\/","title":{"rendered":"Zderzak Bumper TY\u0141 CFMOTO 450 520 CF MOTO MODEL 2023+"},"content":{"rendered":"<p>Posiada \u015brubki oraz mocowania do monta\u017cu.<\/p>\n","protected":false},"excerpt":{"rendered":"<p>Posiada \u015brubki oraz mocowania do monta\u017cu.<\/p>\n","protected":false},"featured_media":4979,"template":"","meta":{"spay_email":""},"product_cat":[123,41],"product_tag":[105],"woo-feed-brand":[],"acf":[],"_links":{"self":[{"href":"https:\/\/www.atvquadotwock.pl\/sklep\/wp-json\/wp\/v2\/product\/4982"}],"collection":[{"href":"https:\/\/www.atvquadotwock.pl\/sklep\/wp-json\/wp\/v2\/product"}],"about":[{"href":"https:\/\/www.atvquadotwock.pl\/sklep\/wp-json\/wp\/v2\/types\/product"}],"wp:featuredmedia":[{"embeddable":true,"href":"https:\/\/www.atvquadotwock.pl\/sklep\/wp-json\/wp\/v2\/media\/4979"}],"wp:attachment":[{"href":"https:\/\/www.atvquadotwock.pl\/sklep\/wp-json\/wp\/v2\/media?parent=4982"}],"wp:term":[{"taxonomy":"product_cat","embeddable":true,"href":"https:\/\/www.atvquadotwock.pl\/sklep\/wp-json\/wp\/v2\/product_cat?post=4982"},{"taxonomy":"product_tag","embeddable":true,"href":"https:\/\/www.atvquadotwock.pl\/sklep\/wp-json\/wp\/v2\/product_tag?post=4982"},{"taxonomy":"woo-feed-brand","embeddable":true,"href":"https:\/\/www.atvquadotwock.pl\/sklep\/wp-json\/wp\/v2\/woo-feed-brand?post=4982"}],"curies":[{"name":"wp","href":"https:\/\/api.w.org\/{rel}","templated":true}]}}