{"id":4970,"date":"2023-03-09T09:20:51","date_gmt":"2023-03-09T09:20:51","guid":{"rendered":"https:\/\/www.atvquadotwock.pl\/sklep\/?post_type=product&#038;p=4970"},"modified":"2024-07-08T12:40:56","modified_gmt":"2024-07-08T12:40:56","slug":"ramka-tablicy-rejestracyjnej-chowana-skladna-tablica-rejestracyjna","status":"publish","type":"product","link":"https:\/\/www.atvquadotwock.pl\/sklep\/produkt\/ramka-tablicy-rejestracyjnej-chowana-skladna-tablica-rejestracyjna\/","title":{"rendered":"ramka tablicy rejestracyjnej chowana sk\u0142adna tablica rejestracyjna"},"content":{"rendered":"<p>ramka tablicy rejestracyjnej chowana sk\u0142adna tablica rejestracyjna<\/p>\n<p>wykonane z metalu.<\/p>\n<p>&nbsp;<\/p>\n<p><iframe loading=\"lazy\" title=\"CFMOTO 1000 stage 3 wariatora, wyci\u0105garka ty\u0142, sk\u0142adana tablica, Ledy, Doposa\u017cenie OVERLAND\" width=\"1140\" height=\"641\" src=\"https:\/\/www.youtube.com\/embed\/WdMIJ6IWTZ4?feature=oembed\" frameborder=\"0\" allow=\"accelerometer; autoplay; clipboard-write; encrypted-media; gyroscope; picture-in-picture; web-share\" allowfullscreen><\/iframe><\/p>\n","protected":false},"excerpt":{"rendered":"<p>ramka tablicy rejestracyjnej chowana sk\u0142adna tablica rejestracyjna wykonane z metalu. &nbsp;<\/p>\n","protected":false},"featured_media":4971,"template":"","meta":{"spay_email":""},"product_cat":[44],"product_tag":[],"woo-feed-brand":[],"acf":[],"_links":{"self":[{"href":"https:\/\/www.atvquadotwock.pl\/sklep\/wp-json\/wp\/v2\/product\/4970"}],"collection":[{"href":"https:\/\/www.atvquadotwock.pl\/sklep\/wp-json\/wp\/v2\/product"}],"about":[{"href":"https:\/\/www.atvquadotwock.pl\/sklep\/wp-json\/wp\/v2\/types\/product"}],"wp:featuredmedia":[{"embeddable":true,"href":"https:\/\/www.atvquadotwock.pl\/sklep\/wp-json\/wp\/v2\/media\/4971"}],"wp:attachment":[{"href":"https:\/\/www.atvquadotwock.pl\/sklep\/wp-json\/wp\/v2\/media?parent=4970"}],"wp:term":[{"taxonomy":"product_cat","embeddable":true,"href":"https:\/\/www.atvquadotwock.pl\/sklep\/wp-json\/wp\/v2\/product_cat?post=4970"},{"taxonomy":"product_tag","embeddable":true,"href":"https:\/\/www.atvquadotwock.pl\/sklep\/wp-json\/wp\/v2\/product_tag?post=4970"},{"taxonomy":"woo-feed-brand","embeddable":true,"href":"https:\/\/www.atvquadotwock.pl\/sklep\/wp-json\/wp\/v2\/woo-feed-brand?post=4970"}],"curies":[{"name":"wp","href":"https:\/\/api.w.org\/{rel}","templated":true}]}}