{"id":4967,"date":"2023-03-09T09:20:38","date_gmt":"2023-03-09T09:20:38","guid":{"rendered":"https:\/\/www.atvquadotwock.pl\/sklep\/?post_type=product&#038;p=4967"},"modified":"2023-09-16T11:37:43","modified_gmt":"2023-09-16T11:37:43","slug":"zamek-kufra-z-kluczykiem-do-kufrow-zamki","status":"publish","type":"product","link":"https:\/\/www.atvquadotwock.pl\/sklep\/produkt\/zamek-kufra-z-kluczykiem-do-kufrow-zamki\/","title":{"rendered":"Zamek kufra z kluczykiem do kufr\u00f3w zamki"},"content":{"rendered":"<p>Zamek metalowy z kluczami<\/p>\n<p>&nbsp;<\/p>\n<p>mo\u017cna zastosowa\u0107 r\u00f3wnie\u017c do kufr\u00f3w kt\u00f3re nie maj\u0105 np:<\/p>\n<p><iframe loading=\"lazy\" title=\"CFMOTO 1000 stage 3 wariatora, wyci\u0105garka ty\u0142, sk\u0142adana tablica, Ledy, Doposa\u017cenie OVERLAND\" width=\"1140\" height=\"641\" src=\"https:\/\/www.youtube.com\/embed\/WdMIJ6IWTZ4?feature=oembed\" frameborder=\"0\" allow=\"accelerometer; autoplay; clipboard-write; encrypted-media; gyroscope; picture-in-picture; web-share\" allowfullscreen><\/iframe><\/p>\n","protected":false},"excerpt":{"rendered":"<p>Zamek metalowy z kluczami &nbsp; mo\u017cna zastosowa\u0107 r\u00f3wnie\u017c do kufr\u00f3w kt\u00f3re nie maj\u0105 np:<\/p>\n","protected":false},"featured_media":4969,"template":"","meta":{"spay_email":""},"product_cat":[44],"product_tag":[],"woo-feed-brand":[],"acf":[],"_links":{"self":[{"href":"https:\/\/www.atvquadotwock.pl\/sklep\/wp-json\/wp\/v2\/product\/4967"}],"collection":[{"href":"https:\/\/www.atvquadotwock.pl\/sklep\/wp-json\/wp\/v2\/product"}],"about":[{"href":"https:\/\/www.atvquadotwock.pl\/sklep\/wp-json\/wp\/v2\/types\/product"}],"wp:featuredmedia":[{"embeddable":true,"href":"https:\/\/www.atvquadotwock.pl\/sklep\/wp-json\/wp\/v2\/media\/4969"}],"wp:attachment":[{"href":"https:\/\/www.atvquadotwock.pl\/sklep\/wp-json\/wp\/v2\/media?parent=4967"}],"wp:term":[{"taxonomy":"product_cat","embeddable":true,"href":"https:\/\/www.atvquadotwock.pl\/sklep\/wp-json\/wp\/v2\/product_cat?post=4967"},{"taxonomy":"product_tag","embeddable":true,"href":"https:\/\/www.atvquadotwock.pl\/sklep\/wp-json\/wp\/v2\/product_tag?post=4967"},{"taxonomy":"woo-feed-brand","embeddable":true,"href":"https:\/\/www.atvquadotwock.pl\/sklep\/wp-json\/wp\/v2\/woo-feed-brand?post=4967"}],"curies":[{"name":"wp","href":"https:\/\/api.w.org\/{rel}","templated":true}]}}