{"id":4961,"date":"2023-03-09T08:42:30","date_gmt":"2023-03-09T08:42:30","guid":{"rendered":"https:\/\/www.atvquadotwock.pl\/sklep\/?post_type=product&#038;p=4961"},"modified":"2026-02-05T14:17:48","modified_gmt":"2026-02-05T14:17:48","slug":"poszerzenia-nadkoli-blotnikow-cfmoto-450-520-komplet-poszerzenie-model-2023","status":"publish","type":"product","link":"https:\/\/www.atvquadotwock.pl\/sklep\/produkt\/poszerzenia-nadkoli-blotnikow-cfmoto-450-520-komplet-poszerzenie-model-2023\/","title":{"rendered":"Poszerzenia nadkoli b\u0142otnik\u00f3w CFMOTO 450 520 &#8211; komplet poszerzenie MODEL 2023+"},"content":{"rendered":"<p>W zestawie 4szt + spinki.<\/p>\n<p>Nadkola poszerza o 5cm. Idealna sprawa po monta\u017cu dystans\u00f3w k\u00f3\u0142.<\/p>\n<p>Wykonane z mi\u0119kkiego plastiku, po uderzeniu wraca ponownie do swojego kszta\u0142tu.<\/p>\n<p>DO MODELU CFMOTO 450 520 kr\u00f3tkie oraz d\u0142ugie wersje. DO MODELU 2023+ NAJNOWSZEGO<\/p>\n","protected":false},"excerpt":{"rendered":"<p>W zestawie 4szt + spinki. Nadkola poszerza o 5cm. Idealna sprawa po monta\u017cu dystans\u00f3w k\u00f3\u0142. Wykonane z mi\u0119kkiego plastiku, po&hellip;<\/p>\n","protected":false},"featured_media":4964,"template":"","meta":{"spay_email":""},"product_cat":[123,75,87],"product_tag":[105],"woo-feed-brand":[],"acf":[],"_links":{"self":[{"href":"https:\/\/www.atvquadotwock.pl\/sklep\/wp-json\/wp\/v2\/product\/4961"}],"collection":[{"href":"https:\/\/www.atvquadotwock.pl\/sklep\/wp-json\/wp\/v2\/product"}],"about":[{"href":"https:\/\/www.atvquadotwock.pl\/sklep\/wp-json\/wp\/v2\/types\/product"}],"wp:featuredmedia":[{"embeddable":true,"href":"https:\/\/www.atvquadotwock.pl\/sklep\/wp-json\/wp\/v2\/media\/4964"}],"wp:attachment":[{"href":"https:\/\/www.atvquadotwock.pl\/sklep\/wp-json\/wp\/v2\/media?parent=4961"}],"wp:term":[{"taxonomy":"product_cat","embeddable":true,"href":"https:\/\/www.atvquadotwock.pl\/sklep\/wp-json\/wp\/v2\/product_cat?post=4961"},{"taxonomy":"product_tag","embeddable":true,"href":"https:\/\/www.atvquadotwock.pl\/sklep\/wp-json\/wp\/v2\/product_tag?post=4961"},{"taxonomy":"woo-feed-brand","embeddable":true,"href":"https:\/\/www.atvquadotwock.pl\/sklep\/wp-json\/wp\/v2\/woo-feed-brand?post=4961"}],"curies":[{"name":"wp","href":"https:\/\/api.w.org\/{rel}","templated":true}]}}