{"id":4947,"date":"2023-03-08T15:09:29","date_gmt":"2023-03-08T15:09:29","guid":{"rendered":"https:\/\/www.atvquadotwock.pl\/sklep\/?post_type=product&#038;p=4947"},"modified":"2024-02-01T10:36:42","modified_gmt":"2024-02-01T10:36:42","slug":"zestaw-naprawczy-pompy-wody-850-100","status":"publish","type":"product","link":"https:\/\/www.atvquadotwock.pl\/sklep\/produkt\/zestaw-naprawczy-pompy-wody-850-100\/","title":{"rendered":"ZESTAW NAPRAWCZY POMPY WODY CFMOTO 850 1000"},"content":{"rendered":"<p>JE\u015aLI P\u0141YN CIEKNIE JAK QUAD STOI z w\u0119\u017cyka po lewej \u2013 TEN ZESTAW JEST W\u0141A\u015aNIE DLA CIEBIE.<\/p>\n<p>&nbsp;<\/p>\n<p>sk\u0142ada si\u0119 z:<\/p>\n<p>uszczelki 0JWA-011004<\/p>\n<p>uszczelniacza pompy wody 0JWA-081000<\/p>\n<p>uszczelniacza olejowego 0110-080005 o wymiarach 10x20x5<\/p>\n","protected":false},"excerpt":{"rendered":"<p>JE\u015aLI P\u0141YN CIEKNIE JAK QUAD STOI z w\u0119\u017cyka po lewej \u2013 TEN ZESTAW JEST W\u0141A\u015aNIE DLA CIEBIE. &nbsp; sk\u0142ada si\u0119&hellip;<\/p>\n","protected":false},"featured_media":4948,"template":"","meta":{"spay_email":""},"product_cat":[97,98,108,110],"product_tag":[],"woo-feed-brand":[],"acf":[],"_links":{"self":[{"href":"https:\/\/www.atvquadotwock.pl\/sklep\/wp-json\/wp\/v2\/product\/4947"}],"collection":[{"href":"https:\/\/www.atvquadotwock.pl\/sklep\/wp-json\/wp\/v2\/product"}],"about":[{"href":"https:\/\/www.atvquadotwock.pl\/sklep\/wp-json\/wp\/v2\/types\/product"}],"wp:featuredmedia":[{"embeddable":true,"href":"https:\/\/www.atvquadotwock.pl\/sklep\/wp-json\/wp\/v2\/media\/4948"}],"wp:attachment":[{"href":"https:\/\/www.atvquadotwock.pl\/sklep\/wp-json\/wp\/v2\/media?parent=4947"}],"wp:term":[{"taxonomy":"product_cat","embeddable":true,"href":"https:\/\/www.atvquadotwock.pl\/sklep\/wp-json\/wp\/v2\/product_cat?post=4947"},{"taxonomy":"product_tag","embeddable":true,"href":"https:\/\/www.atvquadotwock.pl\/sklep\/wp-json\/wp\/v2\/product_tag?post=4947"},{"taxonomy":"woo-feed-brand","embeddable":true,"href":"https:\/\/www.atvquadotwock.pl\/sklep\/wp-json\/wp\/v2\/woo-feed-brand?post=4947"}],"curies":[{"name":"wp","href":"https:\/\/api.w.org\/{rel}","templated":true}]}}