{"id":4937,"date":"2023-03-08T09:47:00","date_gmt":"2023-03-08T09:47:00","guid":{"rendered":"https:\/\/www.atvquadotwock.pl\/sklep\/?post_type=product&#038;p=4937"},"modified":"2023-03-09T08:41:20","modified_gmt":"2023-03-09T08:41:20","slug":"zbiorniczek-wyrownawczy-450-520","status":"publish","type":"product","link":"https:\/\/www.atvquadotwock.pl\/sklep\/produkt\/zbiorniczek-wyrownawczy-450-520\/","title":{"rendered":"ZBIORNICZEK WYR\u00d3WNAWCZY P\u0141YNU CH\u0141ODZ\u0104CEGO  450 520"},"content":{"rendered":"<p>kod produktu: 9GQ0-180900<\/p>\n","protected":false},"excerpt":{"rendered":"<p>kod produktu: 9GQ0-180900<\/p>\n","protected":false},"featured_media":4938,"template":"","meta":{"spay_email":""},"product_cat":[90,91,32],"product_tag":[],"woo-feed-brand":[],"acf":[],"_links":{"self":[{"href":"https:\/\/www.atvquadotwock.pl\/sklep\/wp-json\/wp\/v2\/product\/4937"}],"collection":[{"href":"https:\/\/www.atvquadotwock.pl\/sklep\/wp-json\/wp\/v2\/product"}],"about":[{"href":"https:\/\/www.atvquadotwock.pl\/sklep\/wp-json\/wp\/v2\/types\/product"}],"wp:featuredmedia":[{"embeddable":true,"href":"https:\/\/www.atvquadotwock.pl\/sklep\/wp-json\/wp\/v2\/media\/4938"}],"wp:attachment":[{"href":"https:\/\/www.atvquadotwock.pl\/sklep\/wp-json\/wp\/v2\/media?parent=4937"}],"wp:term":[{"taxonomy":"product_cat","embeddable":true,"href":"https:\/\/www.atvquadotwock.pl\/sklep\/wp-json\/wp\/v2\/product_cat?post=4937"},{"taxonomy":"product_tag","embeddable":true,"href":"https:\/\/www.atvquadotwock.pl\/sklep\/wp-json\/wp\/v2\/product_tag?post=4937"},{"taxonomy":"woo-feed-brand","embeddable":true,"href":"https:\/\/www.atvquadotwock.pl\/sklep\/wp-json\/wp\/v2\/woo-feed-brand?post=4937"}],"curies":[{"name":"wp","href":"https:\/\/api.w.org\/{rel}","templated":true}]}}