{"id":4924,"date":"2023-03-07T13:55:45","date_gmt":"2023-03-07T13:55:45","guid":{"rendered":"https:\/\/www.atvquadotwock.pl\/sklep\/?post_type=product&#038;p=4924"},"modified":"2023-03-29T13:50:54","modified_gmt":"2023-03-29T13:50:54","slug":"zderzak-przedni-cfmoto-625-nowy-wzor","status":"publish","type":"product","link":"https:\/\/www.atvquadotwock.pl\/sklep\/produkt\/zderzak-przedni-cfmoto-625-nowy-wzor\/","title":{"rendered":"Zderzak przedni CFMOTO 625 (NOWY WZ\u00d3R)"},"content":{"rendered":"<p>Zderzak przedni CFMOTO 625 (NOWY WZ\u00d3R)<\/p>\n<p>PASUJE DO WSZYSTKICH CFMOTO 625 kr\u00f3tkie i d\u0142ugie.\u00a0 OD 2019roku<\/p>\n<p>&nbsp;<\/p>\n<p>MP0567<\/p>\n","protected":false},"excerpt":{"rendered":"<p>Zderzak przedni CFMOTO 625 (NOWY WZ\u00d3R) PASUJE DO WSZYSTKICH CFMOTO 625 kr\u00f3tkie i d\u0142ugie.\u00a0 OD 2019roku &nbsp; MP0567<\/p>\n","protected":false},"featured_media":5205,"template":"","meta":{"spay_email":""},"product_cat":[106,41],"product_tag":[],"woo-feed-brand":[],"acf":[],"_links":{"self":[{"href":"https:\/\/www.atvquadotwock.pl\/sklep\/wp-json\/wp\/v2\/product\/4924"}],"collection":[{"href":"https:\/\/www.atvquadotwock.pl\/sklep\/wp-json\/wp\/v2\/product"}],"about":[{"href":"https:\/\/www.atvquadotwock.pl\/sklep\/wp-json\/wp\/v2\/types\/product"}],"wp:featuredmedia":[{"embeddable":true,"href":"https:\/\/www.atvquadotwock.pl\/sklep\/wp-json\/wp\/v2\/media\/5205"}],"wp:attachment":[{"href":"https:\/\/www.atvquadotwock.pl\/sklep\/wp-json\/wp\/v2\/media?parent=4924"}],"wp:term":[{"taxonomy":"product_cat","embeddable":true,"href":"https:\/\/www.atvquadotwock.pl\/sklep\/wp-json\/wp\/v2\/product_cat?post=4924"},{"taxonomy":"product_tag","embeddable":true,"href":"https:\/\/www.atvquadotwock.pl\/sklep\/wp-json\/wp\/v2\/product_tag?post=4924"},{"taxonomy":"woo-feed-brand","embeddable":true,"href":"https:\/\/www.atvquadotwock.pl\/sklep\/wp-json\/wp\/v2\/woo-feed-brand?post=4924"}],"curies":[{"name":"wp","href":"https:\/\/api.w.org\/{rel}","templated":true}]}}