{"id":4849,"date":"2023-02-24T11:07:43","date_gmt":"2023-02-24T11:07:43","guid":{"rendered":"https:\/\/www.atvquadotwock.pl\/sklep\/?post_type=product&#038;p=4849"},"modified":"2023-02-24T11:09:40","modified_gmt":"2023-02-24T11:09:40","slug":"amortyzator-gazowo-olejowy-cfmoto-450-500-520-625-x5-x6-x7-800-820-tyl-tylny","status":"publish","type":"product","link":"https:\/\/www.atvquadotwock.pl\/sklep\/produkt\/amortyzator-gazowo-olejowy-cfmoto-450-500-520-625-x5-x6-x7-800-820-tyl-tylny\/","title":{"rendered":"Amortyzator gazowy olejowy CFMOTO 450 500 520 625 X5 X6 X7 800 820 TY\u0141 TYLNY"},"content":{"rendered":"<p>Amortyzator gazowo-olejowy CFMOTO 450 500 520 625 X5 X6 X7 800 820 TY\u0141 TYLNY<\/p>\n<p>ZAMIENNIK<\/p>\n<p>&nbsp;<\/p>\n<p>wymiary : d\u0142ugo\u015b\u0107 od mocowanie do mocowanie 366mm ,<\/p>\n<p>MAMY R\u00d3WNIE\u017b NA PRZ\u00d3D TAKIE AMORTYZATORY.<\/p>\n<p>&nbsp;<\/p>\n<p>CENA ZA SZTUK\u0118<\/p>\n<p>&nbsp;<\/p>\n<p>7020-061600-30000<\/p>\n<p>7020-061600-10000<\/p>\n<p>7020-061600-20000<\/p>\n","protected":false},"excerpt":{"rendered":"<p>Amortyzator gazowo-olejowy CFMOTO 450 500 520 625 X5 X6 X7 800 820 TY\u0141 TYLNY ZAMIENNIK &nbsp; wymiary : d\u0142ugo\u015b\u0107 od&hellip;<\/p>\n","protected":false},"featured_media":4850,"template":"","meta":{"spay_email":""},"product_cat":[123,112,100,94,90,91,92,93,106,95,96],"product_tag":[],"woo-feed-brand":[],"acf":[],"_links":{"self":[{"href":"https:\/\/www.atvquadotwock.pl\/sklep\/wp-json\/wp\/v2\/product\/4849"}],"collection":[{"href":"https:\/\/www.atvquadotwock.pl\/sklep\/wp-json\/wp\/v2\/product"}],"about":[{"href":"https:\/\/www.atvquadotwock.pl\/sklep\/wp-json\/wp\/v2\/types\/product"}],"wp:featuredmedia":[{"embeddable":true,"href":"https:\/\/www.atvquadotwock.pl\/sklep\/wp-json\/wp\/v2\/media\/4850"}],"wp:attachment":[{"href":"https:\/\/www.atvquadotwock.pl\/sklep\/wp-json\/wp\/v2\/media?parent=4849"}],"wp:term":[{"taxonomy":"product_cat","embeddable":true,"href":"https:\/\/www.atvquadotwock.pl\/sklep\/wp-json\/wp\/v2\/product_cat?post=4849"},{"taxonomy":"product_tag","embeddable":true,"href":"https:\/\/www.atvquadotwock.pl\/sklep\/wp-json\/wp\/v2\/product_tag?post=4849"},{"taxonomy":"woo-feed-brand","embeddable":true,"href":"https:\/\/www.atvquadotwock.pl\/sklep\/wp-json\/wp\/v2\/woo-feed-brand?post=4849"}],"curies":[{"name":"wp","href":"https:\/\/api.w.org\/{rel}","templated":true}]}}