{"id":4846,"date":"2023-02-24T11:07:22","date_gmt":"2023-02-24T11:07:22","guid":{"rendered":"https:\/\/www.atvquadotwock.pl\/sklep\/?post_type=product&#038;p=4846"},"modified":"2023-02-24T11:10:42","modified_gmt":"2023-02-24T11:10:42","slug":"amortyzator-gazowo-olejowy-cfmoto-450-500-520-625-x5-x6-x7-800-820","status":"publish","type":"product","link":"https:\/\/www.atvquadotwock.pl\/sklep\/produkt\/amortyzator-gazowo-olejowy-cfmoto-450-500-520-625-x5-x6-x7-800-820\/","title":{"rendered":"Amortyzator gazowy olejowy CFMOTO 450 500 520 625 X5 X6 X7 800 820 prz\u00f3d przednie"},"content":{"rendered":"<p>Amortyzator gazowo-olejowy CFMOTO 450 500 520 625 X5 X6 X7 800 820<\/p>\n<p>ZAMIENNIK<\/p>\n<p>&nbsp;<\/p>\n<p>wymiary : d\u0142ugo\u015b\u0107 od mocowanie do mocowanie 363mm , mocowanie g\u00f3rne 10x32mm, mocowanie dolne 10x30mm<\/p>\n<p>MAMY R\u00d3WNIE\u017b TYLNE TAKIE AMORTYZATORY.<\/p>\n<p>&nbsp;<\/p>\n<p>CENA ZA SZTUK\u0118<\/p>\n<p>&nbsp;<\/p>\n<p>7020-051600-30000<\/p>\n<p>7020-051600-10000<\/p>\n<p>7020-051600-20000<\/p>\n","protected":false},"excerpt":{"rendered":"<p>Amortyzator gazowo-olejowy CFMOTO 450 500 520 625 X5 X6 X7 800 820 ZAMIENNIK &nbsp; wymiary : d\u0142ugo\u015b\u0107 od mocowanie do&hellip;<\/p>\n","protected":false},"featured_media":4847,"template":"","meta":{"spay_email":""},"product_cat":[123,112,100,94,90,91,92,93,106,95,96],"product_tag":[],"woo-feed-brand":[],"acf":[],"_links":{"self":[{"href":"https:\/\/www.atvquadotwock.pl\/sklep\/wp-json\/wp\/v2\/product\/4846"}],"collection":[{"href":"https:\/\/www.atvquadotwock.pl\/sklep\/wp-json\/wp\/v2\/product"}],"about":[{"href":"https:\/\/www.atvquadotwock.pl\/sklep\/wp-json\/wp\/v2\/types\/product"}],"wp:featuredmedia":[{"embeddable":true,"href":"https:\/\/www.atvquadotwock.pl\/sklep\/wp-json\/wp\/v2\/media\/4847"}],"wp:attachment":[{"href":"https:\/\/www.atvquadotwock.pl\/sklep\/wp-json\/wp\/v2\/media?parent=4846"}],"wp:term":[{"taxonomy":"product_cat","embeddable":true,"href":"https:\/\/www.atvquadotwock.pl\/sklep\/wp-json\/wp\/v2\/product_cat?post=4846"},{"taxonomy":"product_tag","embeddable":true,"href":"https:\/\/www.atvquadotwock.pl\/sklep\/wp-json\/wp\/v2\/product_tag?post=4846"},{"taxonomy":"woo-feed-brand","embeddable":true,"href":"https:\/\/www.atvquadotwock.pl\/sklep\/wp-json\/wp\/v2\/woo-feed-brand?post=4846"}],"curies":[{"name":"wp","href":"https:\/\/api.w.org\/{rel}","templated":true}]}}