{"id":4829,"date":"2023-02-20T14:55:16","date_gmt":"2023-02-20T14:55:16","guid":{"rendered":"https:\/\/www.atvquadotwock.pl\/sklep\/?post_type=product&#038;p=4829"},"modified":"2023-02-20T14:55:16","modified_gmt":"2023-02-20T14:55:16","slug":"0jya-051013-10000-nakretka-m21-wariatora-cfmoto-520-625-850-1000","status":"publish","type":"product","link":"https:\/\/www.atvquadotwock.pl\/sklep\/produkt\/0jya-051013-10000-nakretka-m21-wariatora-cfmoto-520-625-850-1000\/","title":{"rendered":"0JYA-051013-10000 nakr\u0119tka M21 wariatora cfmoto 520 625 850 1000"},"content":{"rendered":"<p>s\u0105 dwa rodzaje prosz\u0119 sprawdzi\u0107 swoj\u0105 nakr\u0119tk\u0119 przez zam\u00f3wieniem.<\/p>\n<p>ROZMIAR M21<\/p>\n","protected":false},"excerpt":{"rendered":"<p>s\u0105 dwa rodzaje prosz\u0119 sprawdzi\u0107 swoj\u0105 nakr\u0119tk\u0119 przez zam\u00f3wieniem. ROZMIAR M21<\/p>\n","protected":false},"featured_media":0,"template":"","meta":{"spay_email":""},"product_cat":[91,106,97,98,107,108,110],"product_tag":[],"woo-feed-brand":[],"acf":[],"_links":{"self":[{"href":"https:\/\/www.atvquadotwock.pl\/sklep\/wp-json\/wp\/v2\/product\/4829"}],"collection":[{"href":"https:\/\/www.atvquadotwock.pl\/sklep\/wp-json\/wp\/v2\/product"}],"about":[{"href":"https:\/\/www.atvquadotwock.pl\/sklep\/wp-json\/wp\/v2\/types\/product"}],"wp:attachment":[{"href":"https:\/\/www.atvquadotwock.pl\/sklep\/wp-json\/wp\/v2\/media?parent=4829"}],"wp:term":[{"taxonomy":"product_cat","embeddable":true,"href":"https:\/\/www.atvquadotwock.pl\/sklep\/wp-json\/wp\/v2\/product_cat?post=4829"},{"taxonomy":"product_tag","embeddable":true,"href":"https:\/\/www.atvquadotwock.pl\/sklep\/wp-json\/wp\/v2\/product_tag?post=4829"},{"taxonomy":"woo-feed-brand","embeddable":true,"href":"https:\/\/www.atvquadotwock.pl\/sklep\/wp-json\/wp\/v2\/woo-feed-brand?post=4829"}],"curies":[{"name":"wp","href":"https:\/\/api.w.org\/{rel}","templated":true}]}}