{"id":4811,"date":"2023-02-16T10:13:29","date_gmt":"2023-02-16T10:13:29","guid":{"rendered":"https:\/\/www.atvquadotwock.pl\/sklep\/?post_type=product&#038;p=4811"},"modified":"2023-02-16T10:14:02","modified_gmt":"2023-02-16T10:14:02","slug":"nowosc-spody-aluminiowe-do-quada-cfmoto-625-short-krotka-od-2020r","status":"publish","type":"product","link":"https:\/\/www.atvquadotwock.pl\/sklep\/produkt\/nowosc-spody-aluminiowe-do-quada-cfmoto-625-short-krotka-od-2020r\/","title":{"rendered":"NOWO\u015a\u0106! SPODY ALUMINIOWE DO QUADA CFMOTO 625 SHORT KR\u00d3TKA OD 2020R."},"content":{"rendered":"","protected":false},"excerpt":{"rendered":"","protected":false},"featured_media":3331,"template":"","meta":{"spay_email":""},"product_cat":[89],"product_tag":[],"woo-feed-brand":[],"acf":[],"_links":{"self":[{"href":"https:\/\/www.atvquadotwock.pl\/sklep\/wp-json\/wp\/v2\/product\/4811"}],"collection":[{"href":"https:\/\/www.atvquadotwock.pl\/sklep\/wp-json\/wp\/v2\/product"}],"about":[{"href":"https:\/\/www.atvquadotwock.pl\/sklep\/wp-json\/wp\/v2\/types\/product"}],"wp:featuredmedia":[{"embeddable":true,"href":"https:\/\/www.atvquadotwock.pl\/sklep\/wp-json\/wp\/v2\/media\/3331"}],"wp:attachment":[{"href":"https:\/\/www.atvquadotwock.pl\/sklep\/wp-json\/wp\/v2\/media?parent=4811"}],"wp:term":[{"taxonomy":"product_cat","embeddable":true,"href":"https:\/\/www.atvquadotwock.pl\/sklep\/wp-json\/wp\/v2\/product_cat?post=4811"},{"taxonomy":"product_tag","embeddable":true,"href":"https:\/\/www.atvquadotwock.pl\/sklep\/wp-json\/wp\/v2\/product_tag?post=4811"},{"taxonomy":"woo-feed-brand","embeddable":true,"href":"https:\/\/www.atvquadotwock.pl\/sklep\/wp-json\/wp\/v2\/woo-feed-brand?post=4811"}],"curies":[{"name":"wp","href":"https:\/\/api.w.org\/{rel}","templated":true}]}}