{"id":4632,"date":"2023-01-16T17:26:21","date_gmt":"2023-01-16T17:26:21","guid":{"rendered":"https:\/\/www.atvquadotwock.pl\/sklep\/?post_type=product&#038;p=4632"},"modified":"2023-01-16T17:30:08","modified_gmt":"2023-01-16T17:30:08","slug":"oslony-plastikowe-iron-baltic-cfmoto-520l-2023","status":"publish","type":"product","link":"https:\/\/www.atvquadotwock.pl\/sklep\/produkt\/oslony-plastikowe-iron-baltic-cfmoto-520l-2023\/","title":{"rendered":"Os\u0142ony plastikowe IRON BALTIC CFMOTO 520L 2023+"},"content":{"rendered":"<p>Os\u0142ony z grubego tworzywa HDPE. Pasuj\u0105 do modelu 520L 2023+<\/p>\n<p>instrukcja w zestawie oraz \u015brubki. S\u0105 wyci\u0119te dziury od zlewania oleju.<\/p>\n","protected":false},"excerpt":{"rendered":"<p>Os\u0142ony z grubego tworzywa HDPE. Pasuj\u0105 do modelu 520L 2023+ instrukcja w zestawie oraz \u015brubki. S\u0105 wyci\u0119te dziury od zlewania&hellip;<\/p>\n","protected":false},"featured_media":4633,"template":"","meta":{"spay_email":""},"product_cat":[89],"product_tag":[],"woo-feed-brand":[],"acf":[],"_links":{"self":[{"href":"https:\/\/www.atvquadotwock.pl\/sklep\/wp-json\/wp\/v2\/product\/4632"}],"collection":[{"href":"https:\/\/www.atvquadotwock.pl\/sklep\/wp-json\/wp\/v2\/product"}],"about":[{"href":"https:\/\/www.atvquadotwock.pl\/sklep\/wp-json\/wp\/v2\/types\/product"}],"wp:featuredmedia":[{"embeddable":true,"href":"https:\/\/www.atvquadotwock.pl\/sklep\/wp-json\/wp\/v2\/media\/4633"}],"wp:attachment":[{"href":"https:\/\/www.atvquadotwock.pl\/sklep\/wp-json\/wp\/v2\/media?parent=4632"}],"wp:term":[{"taxonomy":"product_cat","embeddable":true,"href":"https:\/\/www.atvquadotwock.pl\/sklep\/wp-json\/wp\/v2\/product_cat?post=4632"},{"taxonomy":"product_tag","embeddable":true,"href":"https:\/\/www.atvquadotwock.pl\/sklep\/wp-json\/wp\/v2\/product_tag?post=4632"},{"taxonomy":"woo-feed-brand","embeddable":true,"href":"https:\/\/www.atvquadotwock.pl\/sklep\/wp-json\/wp\/v2\/woo-feed-brand?post=4632"}],"curies":[{"name":"wp","href":"https:\/\/api.w.org\/{rel}","templated":true}]}}