{"id":458,"date":"2020-05-25T11:04:03","date_gmt":"2020-05-25T11:04:03","guid":{"rendered":"https:\/\/www.atvquadotwock.pl\/sklep\/?post_type=product&#038;p=458"},"modified":"2021-12-29T15:27:54","modified_gmt":"2021-12-29T15:27:54","slug":"maxxis-29x9-00-r14-bighorn-m-917-61m-6pr","status":"publish","type":"product","link":"https:\/\/www.atvquadotwock.pl\/sklep\/produkt\/maxxis-29x9-00-r14-bighorn-m-917-61m-6pr\/","title":{"rendered":"OPONY MAXXIS 29X9.00 R14 BIGHORN M-917 61M 6PR"},"content":{"rendered":"<table class=\"mini\" cellspacing=\"0\">\n<tbody>\n<tr>\n<th>Asortyment<\/th>\n<td>OPONY<\/td>\n<\/tr>\n<tr>\n<th>Typ<\/th>\n<td>QUAD-ATV<\/td>\n<\/tr>\n<tr>\n<th>Struktura<\/th>\n<td>STANDARD<\/td>\n<\/tr>\n<tr>\n<th>Sezon<\/th>\n<td>NIE KLASYFIKOWANA SEZONOWO<\/td>\n<\/tr>\n<tr>\n<th>Producent<\/th>\n<td>MAXXIS<\/td>\n<\/tr>\n<tr>\n<th>Szeroko\u015b\u0107<\/th>\n<td>29<\/td>\n<\/tr>\n<tr>\n<th>Profil<\/th>\n<td>9&#8243;<\/td>\n<\/tr>\n<tr>\n<th>\u015arednica<\/th>\n<td>R14<\/td>\n<\/tr>\n<tr>\n<th>Nazwa bie\u017cnika<\/th>\n<td>M917 BIGHORN<\/td>\n<\/tr>\n<tr>\n<th>Indeks no\u015bno\u015bci<\/th>\n<td>61<\/td>\n<\/tr>\n<tr>\n<th>Indeks pr\u0119dko\u015bci<\/th>\n<td>M-130KMH<\/td>\n<\/tr>\n<tr>\n<th>Klasa<\/th>\n<td>BUDGET<\/td>\n<\/tr>\n<\/tbody>\n<\/table>\n","protected":false},"excerpt":{"rendered":"<p>Asortyment OPONY Typ QUAD-ATV Struktura STANDARD Sezon NIE KLASYFIKOWANA SEZONOWO Producent MAXXIS Szeroko\u015b\u0107 29 Profil 9&#8243; \u015arednica R14 Nazwa bie\u017cnika&hellip;<\/p>\n","protected":false},"featured_media":445,"template":"","meta":{"spay_email":""},"product_cat":[48,28],"product_tag":[],"woo-feed-brand":[],"acf":[],"_links":{"self":[{"href":"https:\/\/www.atvquadotwock.pl\/sklep\/wp-json\/wp\/v2\/product\/458"}],"collection":[{"href":"https:\/\/www.atvquadotwock.pl\/sklep\/wp-json\/wp\/v2\/product"}],"about":[{"href":"https:\/\/www.atvquadotwock.pl\/sklep\/wp-json\/wp\/v2\/types\/product"}],"wp:featuredmedia":[{"embeddable":true,"href":"https:\/\/www.atvquadotwock.pl\/sklep\/wp-json\/wp\/v2\/media\/445"}],"wp:attachment":[{"href":"https:\/\/www.atvquadotwock.pl\/sklep\/wp-json\/wp\/v2\/media?parent=458"}],"wp:term":[{"taxonomy":"product_cat","embeddable":true,"href":"https:\/\/www.atvquadotwock.pl\/sklep\/wp-json\/wp\/v2\/product_cat?post=458"},{"taxonomy":"product_tag","embeddable":true,"href":"https:\/\/www.atvquadotwock.pl\/sklep\/wp-json\/wp\/v2\/product_tag?post=458"},{"taxonomy":"woo-feed-brand","embeddable":true,"href":"https:\/\/www.atvquadotwock.pl\/sklep\/wp-json\/wp\/v2\/woo-feed-brand?post=458"}],"curies":[{"name":"wp","href":"https:\/\/api.w.org\/{rel}","templated":true}]}}