{"id":455,"date":"2020-05-25T10:55:24","date_gmt":"2020-05-25T10:55:24","guid":{"rendered":"https:\/\/www.atvquadotwock.pl\/sklep\/?post_type=product&#038;p=455"},"modified":"2021-12-29T15:28:10","modified_gmt":"2021-12-29T15:28:10","slug":"maxxis-28x9-00-r14-bighorn2-mu-09-60m-6pr-18","status":"publish","type":"product","link":"https:\/\/www.atvquadotwock.pl\/sklep\/produkt\/maxxis-28x9-00-r14-bighorn2-mu-09-60m-6pr-18\/","title":{"rendered":"OPONY MAXXIS 28X9.00 R14 BIGHORN2 MU-09 60M 6PR [18]"},"content":{"rendered":"<table class=\"mini\" cellspacing=\"0\">\n<tbody>\n<tr>\n<th>Asortyment<\/th>\n<td>OPONY<\/td>\n<\/tr>\n<tr>\n<th>Typ<\/th>\n<td>QUAD-ATV<\/td>\n<\/tr>\n<tr>\n<th>Struktura<\/th>\n<td>STANDARD<\/td>\n<\/tr>\n<tr>\n<th>Sezon<\/th>\n<td>NIE KLASYFIKOWANA SEZONOWO<\/td>\n<\/tr>\n<tr>\n<th>Producent<\/th>\n<td>MAXXIS<\/td>\n<\/tr>\n<tr>\n<th>Szeroko\u015b\u0107<\/th>\n<td>28<\/td>\n<\/tr>\n<tr>\n<th>Profil<\/th>\n<td>9&#8243;<\/td>\n<\/tr>\n<tr>\n<th>\u015arednica<\/th>\n<td>R14<\/td>\n<\/tr>\n<tr>\n<th>Nazwa bie\u017cnika<\/th>\n<td>BIGHORN2 MU-09<\/td>\n<\/tr>\n<tr>\n<th>Indeks no\u015bno\u015bci<\/th>\n<td>60<\/td>\n<\/tr>\n<tr>\n<th>Indeks pr\u0119dko\u015bci<\/th>\n<td>M-130KMH<\/td>\n<\/tr>\n<tr>\n<th>Klasa<\/th>\n<td>BUDGET<\/td>\n<\/tr>\n<\/tbody>\n<\/table>\n","protected":false},"excerpt":{"rendered":"<p>Asortyment OPONY Typ QUAD-ATV Struktura STANDARD Sezon NIE KLASYFIKOWANA SEZONOWO Producent MAXXIS Szeroko\u015b\u0107 28 Profil 9&#8243; \u015arednica R14 Nazwa bie\u017cnika&hellip;<\/p>\n","protected":false},"featured_media":445,"template":"","meta":{"spay_email":""},"product_cat":[48,28],"product_tag":[],"woo-feed-brand":[],"acf":[],"_links":{"self":[{"href":"https:\/\/www.atvquadotwock.pl\/sklep\/wp-json\/wp\/v2\/product\/455"}],"collection":[{"href":"https:\/\/www.atvquadotwock.pl\/sklep\/wp-json\/wp\/v2\/product"}],"about":[{"href":"https:\/\/www.atvquadotwock.pl\/sklep\/wp-json\/wp\/v2\/types\/product"}],"wp:featuredmedia":[{"embeddable":true,"href":"https:\/\/www.atvquadotwock.pl\/sklep\/wp-json\/wp\/v2\/media\/445"}],"wp:attachment":[{"href":"https:\/\/www.atvquadotwock.pl\/sklep\/wp-json\/wp\/v2\/media?parent=455"}],"wp:term":[{"taxonomy":"product_cat","embeddable":true,"href":"https:\/\/www.atvquadotwock.pl\/sklep\/wp-json\/wp\/v2\/product_cat?post=455"},{"taxonomy":"product_tag","embeddable":true,"href":"https:\/\/www.atvquadotwock.pl\/sklep\/wp-json\/wp\/v2\/product_tag?post=455"},{"taxonomy":"woo-feed-brand","embeddable":true,"href":"https:\/\/www.atvquadotwock.pl\/sklep\/wp-json\/wp\/v2\/woo-feed-brand?post=455"}],"curies":[{"name":"wp","href":"https:\/\/api.w.org\/{rel}","templated":true}]}}