{"id":4450,"date":"2022-12-06T15:17:55","date_gmt":"2022-12-06T15:17:55","guid":{"rendered":"https:\/\/www.atvquadotwock.pl\/sklep\/?post_type=product&#038;p=4450"},"modified":"2022-12-06T15:17:55","modified_gmt":"2022-12-06T15:17:55","slug":"relokator-chlodnicy-z-snorklami-odes-650-850-1000","status":"publish","type":"product","link":"https:\/\/www.atvquadotwock.pl\/sklep\/produkt\/relokator-chlodnicy-z-snorklami-odes-650-850-1000\/","title":{"rendered":"Relokator ch\u0142odnicy z snorklami ODES 650 850 1000"},"content":{"rendered":"<p>Relokator ch\u0142odnicy z snorklami ODES 650 850 1000<\/p>\n<p>zawiera wszystko do monta\u017cu. (w\u0119\u017ce, cybanty, rurki, kolanka, \u015bruby itp)<\/p>\n","protected":false},"excerpt":{"rendered":"<p>Relokator ch\u0142odnicy z snorklami ODES 650 850 1000 zawiera wszystko do monta\u017cu. (w\u0119\u017ce, cybanty, rurki, kolanka, \u015bruby itp)<\/p>\n","protected":false},"featured_media":4452,"template":"","meta":{"spay_email":""},"product_cat":[120],"product_tag":[],"woo-feed-brand":[],"acf":[],"_links":{"self":[{"href":"https:\/\/www.atvquadotwock.pl\/sklep\/wp-json\/wp\/v2\/product\/4450"}],"collection":[{"href":"https:\/\/www.atvquadotwock.pl\/sklep\/wp-json\/wp\/v2\/product"}],"about":[{"href":"https:\/\/www.atvquadotwock.pl\/sklep\/wp-json\/wp\/v2\/types\/product"}],"wp:featuredmedia":[{"embeddable":true,"href":"https:\/\/www.atvquadotwock.pl\/sklep\/wp-json\/wp\/v2\/media\/4452"}],"wp:attachment":[{"href":"https:\/\/www.atvquadotwock.pl\/sklep\/wp-json\/wp\/v2\/media?parent=4450"}],"wp:term":[{"taxonomy":"product_cat","embeddable":true,"href":"https:\/\/www.atvquadotwock.pl\/sklep\/wp-json\/wp\/v2\/product_cat?post=4450"},{"taxonomy":"product_tag","embeddable":true,"href":"https:\/\/www.atvquadotwock.pl\/sklep\/wp-json\/wp\/v2\/product_tag?post=4450"},{"taxonomy":"woo-feed-brand","embeddable":true,"href":"https:\/\/www.atvquadotwock.pl\/sklep\/wp-json\/wp\/v2\/woo-feed-brand?post=4450"}],"curies":[{"name":"wp","href":"https:\/\/api.w.org\/{rel}","templated":true}]}}