{"id":444,"date":"2020-05-25T10:18:09","date_gmt":"2020-05-25T10:18:09","guid":{"rendered":"https:\/\/www.atvquadotwock.pl\/sklep\/?post_type=product&#038;p=444"},"modified":"2021-12-29T15:29:10","modified_gmt":"2021-12-29T15:29:10","slug":"maxxis-26x11-r14-big-horn-m918-56n-6pr-dot2016","status":"publish","type":"product","link":"https:\/\/www.atvquadotwock.pl\/sklep\/produkt\/maxxis-26x11-r14-big-horn-m918-56n-6pr-dot2016\/","title":{"rendered":"OPONY MAXXIS 26X11 R14 BIG HORN M918 56N 6PR DOT2018"},"content":{"rendered":"<table class=\"technicalDataTable\" style=\"height: 877px;\" width=\"330\">\n<tbody>\n<tr>\n<td class=\"col-xs-6 col-sm-5\">\n<table class=\"mini\" style=\"height: 587px;\" width=\"401\" cellspacing=\"0\">\n<tbody>\n<tr>\n<th>Asortyment<\/th>\n<td>OPONY<\/td>\n<\/tr>\n<tr>\n<th>Typ<\/th>\n<td>QUAD-ATV<\/td>\n<\/tr>\n<tr>\n<th>Struktura<\/th>\n<td>STANDARD<\/td>\n<\/tr>\n<tr>\n<th>Sezon<\/th>\n<td>NIE KLASYFIKOWANA SEZONOWO<\/td>\n<\/tr>\n<tr>\n<th>Producent<\/th>\n<td>MAXXIS<\/td>\n<\/tr>\n<tr>\n<th>Szeroko\u015b\u0107<\/th>\n<td>26&#8243;<\/td>\n<\/tr>\n<tr>\n<th>Profil<\/th>\n<td>11&#8243;<\/td>\n<\/tr>\n<tr>\n<th>\u015arednica<\/th>\n<td>R14<\/td>\n<\/tr>\n<tr>\n<th>Nazwa bie\u017cnika<\/th>\n<td>M918 BIGHORN<\/td>\n<\/tr>\n<tr>\n<th>Indeks no\u015bno\u015bci<\/th>\n<td>56<\/td>\n<\/tr>\n<tr>\n<th>Indeks pr\u0119dko\u015bci<\/th>\n<td>N-140KMH<\/td>\n<\/tr>\n<tr>\n<th>Klasa<\/th>\n<td>BUDGET<\/td>\n<\/tr>\n<\/tbody>\n<\/table>\n<\/td>\n<td class=\"col-xs-6 col-sm-7\"><\/td>\n<\/tr>\n<tr>\n<td class=\"col-xs-6 col-sm-5\"><\/td>\n<td class=\"col-xs-6 col-sm-7\"><\/td>\n<\/tr>\n<tr>\n<td class=\"col-xs-6 col-sm-5\"><\/td>\n<td class=\"col-xs-6 col-sm-7\"><\/td>\n<\/tr>\n<tr>\n<td class=\"col-xs-6 col-sm-5\"><\/td>\n<td class=\"col-xs-6 col-sm-7\"><\/td>\n<\/tr>\n<tr>\n<td class=\"col-xs-6 col-sm-5\"><\/td>\n<td class=\"col-xs-6 col-sm-7\"><\/td>\n<\/tr>\n<tr>\n<td class=\"col-xs-6 col-sm-5\"><\/td>\n<td class=\"col-xs-6 col-sm-7\"><\/td>\n<\/tr>\n<tr>\n<td class=\"col-xs-6 col-sm-5\"><\/td>\n<td class=\"col-xs-6 col-sm-7\"><\/td>\n<\/tr>\n<tr>\n<td class=\"col-xs-6 col-sm-5\"><\/td>\n<td class=\"col-xs-6 col-sm-7\"><\/td>\n<\/tr>\n<tr>\n<td class=\"col-xs-6 col-sm-5\"><\/td>\n<td class=\"col-xs-6 col-sm-7\"><\/td>\n<\/tr>\n<tr>\n<td class=\"col-sm-5\"><\/td>\n<td class=\"col-xs-6 col-sm-7\"><\/td>\n<\/tr>\n<tr>\n<td class=\"col-sm-5\"><\/td>\n<td class=\"col-xs-6 col-sm-7\"><\/td>\n<\/tr>\n<\/tbody>\n<\/table>\n","protected":false},"excerpt":{"rendered":"<p>Asortyment OPONY Typ QUAD-ATV Struktura STANDARD Sezon NIE KLASYFIKOWANA SEZONOWO Producent MAXXIS Szeroko\u015b\u0107 26&#8243; Profil 11&#8243; \u015arednica R14 Nazwa bie\u017cnika&hellip;<\/p>\n","protected":false},"featured_media":445,"template":"","meta":{"spay_email":""},"product_cat":[28],"product_tag":[],"woo-feed-brand":[],"acf":[],"_links":{"self":[{"href":"https:\/\/www.atvquadotwock.pl\/sklep\/wp-json\/wp\/v2\/product\/444"}],"collection":[{"href":"https:\/\/www.atvquadotwock.pl\/sklep\/wp-json\/wp\/v2\/product"}],"about":[{"href":"https:\/\/www.atvquadotwock.pl\/sklep\/wp-json\/wp\/v2\/types\/product"}],"wp:featuredmedia":[{"embeddable":true,"href":"https:\/\/www.atvquadotwock.pl\/sklep\/wp-json\/wp\/v2\/media\/445"}],"wp:attachment":[{"href":"https:\/\/www.atvquadotwock.pl\/sklep\/wp-json\/wp\/v2\/media?parent=444"}],"wp:term":[{"taxonomy":"product_cat","embeddable":true,"href":"https:\/\/www.atvquadotwock.pl\/sklep\/wp-json\/wp\/v2\/product_cat?post=444"},{"taxonomy":"product_tag","embeddable":true,"href":"https:\/\/www.atvquadotwock.pl\/sklep\/wp-json\/wp\/v2\/product_tag?post=444"},{"taxonomy":"woo-feed-brand","embeddable":true,"href":"https:\/\/www.atvquadotwock.pl\/sklep\/wp-json\/wp\/v2\/woo-feed-brand?post=444"}],"curies":[{"name":"wp","href":"https:\/\/api.w.org\/{rel}","templated":true}]}}