{"id":4422,"date":"2022-11-30T10:45:16","date_gmt":"2022-11-30T10:45:16","guid":{"rendered":"https:\/\/www.atvquadotwock.pl\/sklep\/?post_type=product&#038;p=4422"},"modified":"2024-09-10T11:45:03","modified_gmt":"2024-09-10T11:45:03","slug":"listwa-panel-led-215-60w-combo-56cm","status":"publish","type":"product","link":"https:\/\/www.atvquadotwock.pl\/sklep\/produkt\/listwa-panel-led-215-60w-combo-56cm\/","title":{"rendered":"AURORA LAMPA Listwa panel LED 21,5&#8243; 60W combo 56cm"},"content":{"rendered":"<p>Listwa led firmy Aurora<br \/>\nmodel D5-20&#8243;- seria D5<br \/>\n8360 lumen\u00f3w &#8211; 60 wat\u00f3w<br \/>\nwoodoodporno\u015b\u0107 IP68\/IP69<\/p>\n<p>Te nowe na rynku i zaprojektowane w Ameryce listwy \u015bwietlne LED maj\u0105 now\u0105 smuk\u0142\u0105 konstrukcj\u0119, co powoduje zmniejszenie szeroko\u015bci o 30%.<br \/>\nTa lampa jest wyposa\u017cona w 40 diod LED Osram, kt\u00f3re oddaj\u0105 8360 lumen\u00f3w przy u\u017cyciu zaledwie 60 wat\u00f3w<br \/>\nSoczewka zosta\u0142a wykonana z wysokiej jako\u015bci GE Lexan, kt\u00f3ry jest 300 razy mocniejszy od szk\u0142a, a ponadto jest odporny na korozyjne kwasy i inne chemikalia, takie jak benzyna.<br \/>\nZawiera wi\u0105zk\u0119 przewod\u00f3w, kt\u00f3ra sk\u0142ada si\u0119 z w\u0142\u0105cznika \/ wy\u0142\u0105cznika z diod\u0105 LED, bezpiecznika liniowego, przeka\u017anika 12v40A i ca\u0142ego okablowania potrzebnego do profesjonalnej instalacji.<\/p>\n","protected":false},"excerpt":{"rendered":"<p>Listwa led firmy Aurora model D5-20&#8243;- seria D5 8360 lumen\u00f3w &#8211; 60 wat\u00f3w woodoodporno\u015b\u0107 IP68\/IP69 Te nowe na rynku i&hellip;<\/p>\n","protected":false},"featured_media":4423,"template":"","meta":{"spay_email":""},"product_cat":[20],"product_tag":[],"woo-feed-brand":[],"acf":[],"_links":{"self":[{"href":"https:\/\/www.atvquadotwock.pl\/sklep\/wp-json\/wp\/v2\/product\/4422"}],"collection":[{"href":"https:\/\/www.atvquadotwock.pl\/sklep\/wp-json\/wp\/v2\/product"}],"about":[{"href":"https:\/\/www.atvquadotwock.pl\/sklep\/wp-json\/wp\/v2\/types\/product"}],"wp:featuredmedia":[{"embeddable":true,"href":"https:\/\/www.atvquadotwock.pl\/sklep\/wp-json\/wp\/v2\/media\/4423"}],"wp:attachment":[{"href":"https:\/\/www.atvquadotwock.pl\/sklep\/wp-json\/wp\/v2\/media?parent=4422"}],"wp:term":[{"taxonomy":"product_cat","embeddable":true,"href":"https:\/\/www.atvquadotwock.pl\/sklep\/wp-json\/wp\/v2\/product_cat?post=4422"},{"taxonomy":"product_tag","embeddable":true,"href":"https:\/\/www.atvquadotwock.pl\/sklep\/wp-json\/wp\/v2\/product_tag?post=4422"},{"taxonomy":"woo-feed-brand","embeddable":true,"href":"https:\/\/www.atvquadotwock.pl\/sklep\/wp-json\/wp\/v2\/woo-feed-brand?post=4422"}],"curies":[{"name":"wp","href":"https:\/\/api.w.org\/{rel}","templated":true}]}}