{"id":4375,"date":"2022-11-21T10:38:57","date_gmt":"2022-11-21T10:38:57","guid":{"rendered":"https:\/\/www.atvquadotwock.pl\/sklep\/?post_type=product&#038;p=4375"},"modified":"2026-01-30T13:10:22","modified_gmt":"2026-01-30T13:10:22","slug":"kufer-dedykowany-do-quada-cfmoto-625","status":"publish","type":"product","link":"https:\/\/www.atvquadotwock.pl\/sklep\/produkt\/kufer-dedykowany-do-quada-cfmoto-625\/","title":{"rendered":"KUFER DEDYKOWANY ty\u0142 DO QUADA CFMOTO 625 x6 orygina\u0142"},"content":{"rendered":"<p>KUFER DEDYKOWANY ty\u0142 DO QUADA CFMOTO 625 x6 orygina\u0142<\/p>\n<p>mocowanie za pomoc\u0105 fabrycznych mocowa\u0144 w zestawie.<\/p>\n","protected":false},"excerpt":{"rendered":"<p>KUFER DEDYKOWANY ty\u0142 DO QUADA CFMOTO 625 x6 orygina\u0142 mocowanie za pomoc\u0105 fabrycznych mocowa\u0144 w zestawie.<\/p>\n","protected":false},"featured_media":4378,"template":"","meta":{"spay_email":""},"product_cat":[106,24],"product_tag":[],"woo-feed-brand":[],"acf":[],"_links":{"self":[{"href":"https:\/\/www.atvquadotwock.pl\/sklep\/wp-json\/wp\/v2\/product\/4375"}],"collection":[{"href":"https:\/\/www.atvquadotwock.pl\/sklep\/wp-json\/wp\/v2\/product"}],"about":[{"href":"https:\/\/www.atvquadotwock.pl\/sklep\/wp-json\/wp\/v2\/types\/product"}],"wp:featuredmedia":[{"embeddable":true,"href":"https:\/\/www.atvquadotwock.pl\/sklep\/wp-json\/wp\/v2\/media\/4378"}],"wp:attachment":[{"href":"https:\/\/www.atvquadotwock.pl\/sklep\/wp-json\/wp\/v2\/media?parent=4375"}],"wp:term":[{"taxonomy":"product_cat","embeddable":true,"href":"https:\/\/www.atvquadotwock.pl\/sklep\/wp-json\/wp\/v2\/product_cat?post=4375"},{"taxonomy":"product_tag","embeddable":true,"href":"https:\/\/www.atvquadotwock.pl\/sklep\/wp-json\/wp\/v2\/product_tag?post=4375"},{"taxonomy":"woo-feed-brand","embeddable":true,"href":"https:\/\/www.atvquadotwock.pl\/sklep\/wp-json\/wp\/v2\/woo-feed-brand?post=4375"}],"curies":[{"name":"wp","href":"https:\/\/api.w.org\/{rel}","templated":true}]}}