{"id":4197,"date":"2022-09-29T11:42:59","date_gmt":"2022-09-29T11:42:59","guid":{"rendered":"https:\/\/www.atvquadotwock.pl\/sklep\/?post_type=product&#038;p=4197"},"modified":"2022-09-29T11:44:46","modified_gmt":"2022-09-29T11:44:46","slug":"drazek-kierowniczy-9010-100530-cfmoto-500-550-625-x6-x7-800-820","status":"publish","type":"product","link":"https:\/\/www.atvquadotwock.pl\/sklep\/produkt\/drazek-kierowniczy-9010-100530-cfmoto-500-550-625-x6-x7-800-820\/","title":{"rendered":"Dr\u0105\u017cek kierowniczy 9010-100530 CFMOTO 500 550 625 x6 x7 800 820"},"content":{"rendered":"<p>Kompletny dr\u0105\u017cek<\/p>\n<p>&nbsp;<\/p>\n<p>numery oem:<\/p>\n<p>9010-100530<\/p>\n<p>9010-100530-1000<\/p>\n<p>9010-100530-20000<\/p>\n","protected":false},"excerpt":{"rendered":"<blockquote>\n<p style=\"text-align: right;\">\n<\/blockquote>\n","protected":false},"featured_media":4198,"template":"","meta":{"spay_email":""},"product_cat":[112,100,94,92,95,96],"product_tag":[],"woo-feed-brand":[],"acf":[],"_links":{"self":[{"href":"https:\/\/www.atvquadotwock.pl\/sklep\/wp-json\/wp\/v2\/product\/4197"}],"collection":[{"href":"https:\/\/www.atvquadotwock.pl\/sklep\/wp-json\/wp\/v2\/product"}],"about":[{"href":"https:\/\/www.atvquadotwock.pl\/sklep\/wp-json\/wp\/v2\/types\/product"}],"wp:featuredmedia":[{"embeddable":true,"href":"https:\/\/www.atvquadotwock.pl\/sklep\/wp-json\/wp\/v2\/media\/4198"}],"wp:attachment":[{"href":"https:\/\/www.atvquadotwock.pl\/sklep\/wp-json\/wp\/v2\/media?parent=4197"}],"wp:term":[{"taxonomy":"product_cat","embeddable":true,"href":"https:\/\/www.atvquadotwock.pl\/sklep\/wp-json\/wp\/v2\/product_cat?post=4197"},{"taxonomy":"product_tag","embeddable":true,"href":"https:\/\/www.atvquadotwock.pl\/sklep\/wp-json\/wp\/v2\/product_tag?post=4197"},{"taxonomy":"woo-feed-brand","embeddable":true,"href":"https:\/\/www.atvquadotwock.pl\/sklep\/wp-json\/wp\/v2\/woo-feed-brand?post=4197"}],"curies":[{"name":"wp","href":"https:\/\/api.w.org\/{rel}","templated":true}]}}