{"id":4194,"date":"2022-09-29T11:40:24","date_gmt":"2022-09-29T11:40:24","guid":{"rendered":"https:\/\/www.atvquadotwock.pl\/sklep\/?post_type=product&#038;p=4194"},"modified":"2022-11-25T13:22:43","modified_gmt":"2022-11-25T13:22:43","slug":"drazek-kierowniczy-cfmoto-850-1000-9awa-104100","status":"publish","type":"product","link":"https:\/\/www.atvquadotwock.pl\/sklep\/produkt\/drazek-kierowniczy-cfmoto-850-1000-9awa-104100\/","title":{"rendered":"Dr\u0105\u017cek kierowniczy CFMOTO 850 1000 9AWA-104100"},"content":{"rendered":"<p>Kompletny dr\u0105\u017cek<\/p>\n","protected":false},"excerpt":{"rendered":"<blockquote>\n<p style=\"text-align: right;\">\n<\/blockquote>\n","protected":false},"featured_media":4196,"template":"","meta":{"spay_email":""},"product_cat":[97,98,37],"product_tag":[],"woo-feed-brand":[],"acf":[],"_links":{"self":[{"href":"https:\/\/www.atvquadotwock.pl\/sklep\/wp-json\/wp\/v2\/product\/4194"}],"collection":[{"href":"https:\/\/www.atvquadotwock.pl\/sklep\/wp-json\/wp\/v2\/product"}],"about":[{"href":"https:\/\/www.atvquadotwock.pl\/sklep\/wp-json\/wp\/v2\/types\/product"}],"wp:featuredmedia":[{"embeddable":true,"href":"https:\/\/www.atvquadotwock.pl\/sklep\/wp-json\/wp\/v2\/media\/4196"}],"wp:attachment":[{"href":"https:\/\/www.atvquadotwock.pl\/sklep\/wp-json\/wp\/v2\/media?parent=4194"}],"wp:term":[{"taxonomy":"product_cat","embeddable":true,"href":"https:\/\/www.atvquadotwock.pl\/sklep\/wp-json\/wp\/v2\/product_cat?post=4194"},{"taxonomy":"product_tag","embeddable":true,"href":"https:\/\/www.atvquadotwock.pl\/sklep\/wp-json\/wp\/v2\/product_tag?post=4194"},{"taxonomy":"woo-feed-brand","embeddable":true,"href":"https:\/\/www.atvquadotwock.pl\/sklep\/wp-json\/wp\/v2\/woo-feed-brand?post=4194"}],"curies":[{"name":"wp","href":"https:\/\/api.w.org\/{rel}","templated":true}]}}