{"id":4166,"date":"2022-09-19T10:15:54","date_gmt":"2022-09-19T10:15:54","guid":{"rendered":"https:\/\/www.atvquadotwock.pl\/sklep\/?post_type=product&#038;p=4166"},"modified":"2022-09-19T10:16:36","modified_gmt":"2022-09-19T10:16:36","slug":"klocki-tyl-zamiennik-cfmoto-cf-moto-450-520-550-600-820-850-1000-po-2019r-7020-0810a0","status":"publish","type":"product","link":"https:\/\/www.atvquadotwock.pl\/sklep\/produkt\/klocki-tyl-zamiennik-cfmoto-cf-moto-450-520-550-600-820-850-1000-po-2019r-7020-0810a0\/","title":{"rendered":"KLOCKI TY\u0141 zamiennik CFMOTO CF MOTO 450 520 550 600 820 850 1000 po 2019R (7020-0810A0)"},"content":{"rendered":"<p>KLOCKI TY\u0141 CFMOTO 450 500 520 550 600 820 850 1000 po 2019R z nowym uk\u0142adem hamulcowym.<\/p>\n<p>cena za 1 ko\u0142o! PROSZ\u0118 ZAM\u00d3WI\u0106 2KPL NA TYLN\u0104 O\u015a<\/p>\n<p>7020-0810A0<\/p>\n","protected":false},"excerpt":{"rendered":"<p>KLOCKI TY\u0141 CFMOTO 450 500 520 550 600 820 850 1000 po 2019R z nowym uk\u0142adem hamulcowym. cena za 1&hellip;<\/p>\n","protected":false},"featured_media":4167,"template":"","meta":{"spay_email":""},"product_cat":[93,106,96,97,98,107,108,110,18,23],"product_tag":[],"woo-feed-brand":[],"acf":[],"_links":{"self":[{"href":"https:\/\/www.atvquadotwock.pl\/sklep\/wp-json\/wp\/v2\/product\/4166"}],"collection":[{"href":"https:\/\/www.atvquadotwock.pl\/sklep\/wp-json\/wp\/v2\/product"}],"about":[{"href":"https:\/\/www.atvquadotwock.pl\/sklep\/wp-json\/wp\/v2\/types\/product"}],"wp:featuredmedia":[{"embeddable":true,"href":"https:\/\/www.atvquadotwock.pl\/sklep\/wp-json\/wp\/v2\/media\/4167"}],"wp:attachment":[{"href":"https:\/\/www.atvquadotwock.pl\/sklep\/wp-json\/wp\/v2\/media?parent=4166"}],"wp:term":[{"taxonomy":"product_cat","embeddable":true,"href":"https:\/\/www.atvquadotwock.pl\/sklep\/wp-json\/wp\/v2\/product_cat?post=4166"},{"taxonomy":"product_tag","embeddable":true,"href":"https:\/\/www.atvquadotwock.pl\/sklep\/wp-json\/wp\/v2\/product_tag?post=4166"},{"taxonomy":"woo-feed-brand","embeddable":true,"href":"https:\/\/www.atvquadotwock.pl\/sklep\/wp-json\/wp\/v2\/woo-feed-brand?post=4166"}],"curies":[{"name":"wp","href":"https:\/\/api.w.org\/{rel}","templated":true}]}}