{"id":4145,"date":"2022-09-14T08:21:12","date_gmt":"2022-09-14T08:21:12","guid":{"rendered":"https:\/\/www.atvquadotwock.pl\/sklep\/?post_type=product&#038;p=4145"},"modified":"2023-08-18T15:41:21","modified_gmt":"2023-08-18T15:41:21","slug":"manetki-podgrzewane-z-kciukiem-wodoodporne","status":"publish","type":"product","link":"https:\/\/www.atvquadotwock.pl\/sklep\/produkt\/manetki-podgrzewane-z-kciukiem-wodoodporne\/","title":{"rendered":"Manetki podgrzewane z kciukiem WODOODPORNE"},"content":{"rendered":"<p>Nowe manetki podgrzewane marki X-ATV z podgrzewanym kciukiem do quad\u00f3w<\/p>\n<p>W zestawie : Manetki, sterownik, okablowanie z wtyczkami wodoszczelnymi, bezpiecznik , ta\u015bma Dwustronna , opaska termokurczliwa<\/p>\n<p>Obecnie najlepszy produkt na rynku , zmieniono wtyczki na hermetyczne !!!<\/p>\n<p>Opis techniczny:<br \/>\nSterownik mocowany pod lusterko , nie musisz szuka\u0107 wolnego miejsca na kierownicy , 3 stopnie grzania 40,50,60 stopni<br \/>\npodgrzewany kciuk z ta\u015bm\u0105 3M i opask\u0105 termokurczliw\u0105<br \/>\nZestaw ca\u0142kowicie wodoszczelny \u0142\u0105cznie z wtyczkami !!!<br \/>\n\u015arednica kierownicy 22mm lewa i prawa strona<br \/>\nNapi\u0119cie \u00a012 V<br \/>\nR\u00f3wnomierne Rozprowadzenie Ciep\u0142a<br \/>\nNiski pob\u00f3r pr\u0105du !!!<\/p>\n<p>&nbsp;<\/p>\n<p><iframe loading=\"lazy\" title=\"Manetki podgrzewane z kciukiem i kanapa grzana do quada. CFMOTO ODES GOES siedzisko\" width=\"1140\" height=\"641\" src=\"https:\/\/www.youtube.com\/embed\/gUNU7eIrDuM?feature=oembed\" frameborder=\"0\" allow=\"accelerometer; autoplay; clipboard-write; encrypted-media; gyroscope; picture-in-picture; web-share\" allowfullscreen><\/iframe><\/p>\n","protected":false},"excerpt":{"rendered":"<p>Nowe manetki podgrzewane marki X-ATV z podgrzewanym kciukiem do quad\u00f3w W zestawie : Manetki, sterownik, okablowanie z wtyczkami wodoszczelnymi, bezpiecznik&hellip;<\/p>\n","protected":false},"featured_media":4146,"template":"","meta":{"spay_email":""},"product_cat":[123,75,112,100,94,90,91,92,93,106,95,96,97,98,20],"product_tag":[],"woo-feed-brand":[],"acf":[],"_links":{"self":[{"href":"https:\/\/www.atvquadotwock.pl\/sklep\/wp-json\/wp\/v2\/product\/4145"}],"collection":[{"href":"https:\/\/www.atvquadotwock.pl\/sklep\/wp-json\/wp\/v2\/product"}],"about":[{"href":"https:\/\/www.atvquadotwock.pl\/sklep\/wp-json\/wp\/v2\/types\/product"}],"wp:featuredmedia":[{"embeddable":true,"href":"https:\/\/www.atvquadotwock.pl\/sklep\/wp-json\/wp\/v2\/media\/4146"}],"wp:attachment":[{"href":"https:\/\/www.atvquadotwock.pl\/sklep\/wp-json\/wp\/v2\/media?parent=4145"}],"wp:term":[{"taxonomy":"product_cat","embeddable":true,"href":"https:\/\/www.atvquadotwock.pl\/sklep\/wp-json\/wp\/v2\/product_cat?post=4145"},{"taxonomy":"product_tag","embeddable":true,"href":"https:\/\/www.atvquadotwock.pl\/sklep\/wp-json\/wp\/v2\/product_tag?post=4145"},{"taxonomy":"woo-feed-brand","embeddable":true,"href":"https:\/\/www.atvquadotwock.pl\/sklep\/wp-json\/wp\/v2\/woo-feed-brand?post=4145"}],"curies":[{"name":"wp","href":"https:\/\/api.w.org\/{rel}","templated":true}]}}