{"id":4142,"date":"2022-09-14T07:28:35","date_gmt":"2022-09-14T07:28:35","guid":{"rendered":"https:\/\/www.atvquadotwock.pl\/sklep\/?post_type=product&#038;p=4142"},"modified":"2024-01-12T14:18:21","modified_gmt":"2024-01-12T14:18:21","slug":"relokator-chlodnicy-nowy-model-ze-snorklami-cfmoto-850-1000","status":"publish","type":"product","link":"https:\/\/www.atvquadotwock.pl\/sklep\/produkt\/relokator-chlodnicy-nowy-model-ze-snorklami-cfmoto-850-1000\/","title":{"rendered":"Relokator ch\u0142odnicy NOWY MODEL ze snorklami CFMOTO 850 1000 relocator"},"content":{"rendered":"<p>Opis produktu:<br \/>\nRelokator wykonany z aluminium, malowanego proszkowo w kolorze czarno<br \/>\nPrzystosowany do oryginalnej ch\u0142odnicy. Zawiera wszystkie elementy monta\u017cowe (wsporniki , osprz\u0119t i w\u0119\u017ce )<br \/>\nK\u0105t nachylenia mo\u017cna \u0142atwo regulowa\u0107<br \/>\nZaprojektowany z my\u015bl\u0105 o \u0142atwym odpowietrzaniu i konserwacji uk\u0142adu ch\u0142odzenia<\/p>\n<p>&nbsp;<\/p>\n<p>film z naszego monta\u017cu:<\/p>\n<p><iframe loading=\"lazy\" title=\"MUD BEAST!!! CF MOTO 850!!! Quad kt\u00f3rego ZAPRAGNIESZ!! :P\" width=\"1140\" height=\"641\" src=\"https:\/\/www.youtube.com\/embed\/F_yhbOiZoBM?feature=oembed\" frameborder=\"0\" allow=\"accelerometer; autoplay; clipboard-write; encrypted-media; gyroscope; picture-in-picture; web-share\" allowfullscreen><\/iframe><\/p>\n<p>&nbsp;<\/p>\n<p>2444.8120.1-riv<\/p>\n<p>RIV-2444.8120.1<\/p>\n","protected":false},"excerpt":{"rendered":"<p>Opis produktu: Relokator wykonany z aluminium, malowanego proszkowo w kolorze czarno Przystosowany do oryginalnej ch\u0142odnicy. Zawiera wszystkie elementy monta\u017cowe (wsporniki&hellip;<\/p>\n","protected":false},"featured_media":4143,"template":"","meta":{"spay_email":""},"product_cat":[97,98,36],"product_tag":[],"woo-feed-brand":[],"acf":[],"_links":{"self":[{"href":"https:\/\/www.atvquadotwock.pl\/sklep\/wp-json\/wp\/v2\/product\/4142"}],"collection":[{"href":"https:\/\/www.atvquadotwock.pl\/sklep\/wp-json\/wp\/v2\/product"}],"about":[{"href":"https:\/\/www.atvquadotwock.pl\/sklep\/wp-json\/wp\/v2\/types\/product"}],"wp:featuredmedia":[{"embeddable":true,"href":"https:\/\/www.atvquadotwock.pl\/sklep\/wp-json\/wp\/v2\/media\/4143"}],"wp:attachment":[{"href":"https:\/\/www.atvquadotwock.pl\/sklep\/wp-json\/wp\/v2\/media?parent=4142"}],"wp:term":[{"taxonomy":"product_cat","embeddable":true,"href":"https:\/\/www.atvquadotwock.pl\/sklep\/wp-json\/wp\/v2\/product_cat?post=4142"},{"taxonomy":"product_tag","embeddable":true,"href":"https:\/\/www.atvquadotwock.pl\/sklep\/wp-json\/wp\/v2\/product_tag?post=4142"},{"taxonomy":"woo-feed-brand","embeddable":true,"href":"https:\/\/www.atvquadotwock.pl\/sklep\/wp-json\/wp\/v2\/woo-feed-brand?post=4142"}],"curies":[{"name":"wp","href":"https:\/\/api.w.org\/{rel}","templated":true}]}}