{"id":4050,"date":"2022-08-17T09:22:45","date_gmt":"2022-08-17T09:22:45","guid":{"rendered":"https:\/\/www.atvquadotwock.pl\/sklep\/?post_type=product&#038;p=4050"},"modified":"2022-08-19T08:07:59","modified_gmt":"2022-08-19T08:07:59","slug":"oslona-przegubu-zamiennik-zewnetrza-wewnetrzna-cf-moto-450-500-520-550-600-800-820","status":"publish","type":"product","link":"https:\/\/www.atvquadotwock.pl\/sklep\/produkt\/oslona-przegubu-zamiennik-zewnetrza-wewnetrzna-cf-moto-450-500-520-550-600-800-820\/","title":{"rendered":"os\u0142ona przegubu zamiennik zewn\u0119trza wewn\u0119trzna cf moto 450 500 520 550 600 800 820"},"content":{"rendered":"","protected":false},"excerpt":{"rendered":"","protected":false},"featured_media":4051,"template":"","meta":{"spay_email":""},"product_cat":[90,91,92,93,95,96],"product_tag":[],"woo-feed-brand":[],"acf":[],"_links":{"self":[{"href":"https:\/\/www.atvquadotwock.pl\/sklep\/wp-json\/wp\/v2\/product\/4050"}],"collection":[{"href":"https:\/\/www.atvquadotwock.pl\/sklep\/wp-json\/wp\/v2\/product"}],"about":[{"href":"https:\/\/www.atvquadotwock.pl\/sklep\/wp-json\/wp\/v2\/types\/product"}],"wp:featuredmedia":[{"embeddable":true,"href":"https:\/\/www.atvquadotwock.pl\/sklep\/wp-json\/wp\/v2\/media\/4051"}],"wp:attachment":[{"href":"https:\/\/www.atvquadotwock.pl\/sklep\/wp-json\/wp\/v2\/media?parent=4050"}],"wp:term":[{"taxonomy":"product_cat","embeddable":true,"href":"https:\/\/www.atvquadotwock.pl\/sklep\/wp-json\/wp\/v2\/product_cat?post=4050"},{"taxonomy":"product_tag","embeddable":true,"href":"https:\/\/www.atvquadotwock.pl\/sklep\/wp-json\/wp\/v2\/product_tag?post=4050"},{"taxonomy":"woo-feed-brand","embeddable":true,"href":"https:\/\/www.atvquadotwock.pl\/sklep\/wp-json\/wp\/v2\/woo-feed-brand?post=4050"}],"curies":[{"name":"wp","href":"https:\/\/api.w.org\/{rel}","templated":true}]}}