{"id":4044,"date":"2022-08-16T13:22:16","date_gmt":"2022-08-16T13:22:16","guid":{"rendered":"https:\/\/www.atvquadotwock.pl\/sklep\/?post_type=product&#038;p=4044"},"modified":"2023-03-10T09:04:35","modified_gmt":"2023-03-10T09:04:35","slug":"przedni-blotnik-plastik-cfmoto-850-1000-szary-grey-edition","status":"publish","type":"product","link":"https:\/\/www.atvquadotwock.pl\/sklep\/produkt\/przedni-blotnik-plastik-cfmoto-850-1000-szary-grey-edition\/","title":{"rendered":"Przedni b\u0142otnik plastik CFMOTO 850 1000 szary grey edition"},"content":{"rendered":"<p>Przedni b\u0142otnik plastik CFMOTO 850 1000 szary grey edition CF MOTO<\/p>\n<p>9AWA-041021-0H900<br \/>\nSpecification: GHOST GRAY<\/p>\n<p>&nbsp;<\/p>\n<p>Szukasz innych cz\u0119\u015bci do CFMOTO?<br \/>\nNapisz lub zadzwo\u0144. Tw\u00f3j sklep z cz\u0119\u015bciami do CFMOTO.<\/p>\n<p>Sklep ATV-QUAD<br \/>\n05-400 Otwock ul. \u0141ugi 82<br \/>\nCzynny<br \/>\nod Poniedzia\u0142ku do Pi\u0105tku<br \/>\n9:00-17:00<br \/>\nwysy\u0142kowo kurier lub odbi\u00f3r osobisty.<\/p>\n","protected":false},"excerpt":{"rendered":"<p>Przedni b\u0142otnik plastik CFMOTO 850 1000 szary grey edition CF MOTO 9AWA-041021-0H900 Specification: GHOST GRAY &nbsp; Szukasz innych cz\u0119\u015bci do&hellip;<\/p>\n","protected":false},"featured_media":4047,"template":"","meta":{"spay_email":""},"product_cat":[97,98],"product_tag":[],"woo-feed-brand":[],"acf":[],"_links":{"self":[{"href":"https:\/\/www.atvquadotwock.pl\/sklep\/wp-json\/wp\/v2\/product\/4044"}],"collection":[{"href":"https:\/\/www.atvquadotwock.pl\/sklep\/wp-json\/wp\/v2\/product"}],"about":[{"href":"https:\/\/www.atvquadotwock.pl\/sklep\/wp-json\/wp\/v2\/types\/product"}],"wp:featuredmedia":[{"embeddable":true,"href":"https:\/\/www.atvquadotwock.pl\/sklep\/wp-json\/wp\/v2\/media\/4047"}],"wp:attachment":[{"href":"https:\/\/www.atvquadotwock.pl\/sklep\/wp-json\/wp\/v2\/media?parent=4044"}],"wp:term":[{"taxonomy":"product_cat","embeddable":true,"href":"https:\/\/www.atvquadotwock.pl\/sklep\/wp-json\/wp\/v2\/product_cat?post=4044"},{"taxonomy":"product_tag","embeddable":true,"href":"https:\/\/www.atvquadotwock.pl\/sklep\/wp-json\/wp\/v2\/product_tag?post=4044"},{"taxonomy":"woo-feed-brand","embeddable":true,"href":"https:\/\/www.atvquadotwock.pl\/sklep\/wp-json\/wp\/v2\/woo-feed-brand?post=4044"}],"curies":[{"name":"wp","href":"https:\/\/api.w.org\/{rel}","templated":true}]}}