{"id":4000,"date":"2022-08-01T15:43:58","date_gmt":"2022-08-01T15:43:58","guid":{"rendered":"https:\/\/www.atvquadotwock.pl\/sklep\/?post_type=product&#038;p=4000"},"modified":"2023-03-10T13:21:34","modified_gmt":"2023-03-10T13:21:34","slug":"pasek-mitsuboshi-cfmoto-800-820","status":"publish","type":"product","link":"https:\/\/www.atvquadotwock.pl\/sklep\/produkt\/pasek-mitsuboshi-cfmoto-800-820\/","title":{"rendered":"PASEK nap\u0119dowy MITSUBOSHI CFMOTO 800 820 850 1000"},"content":{"rendered":"<ol>\n<li>PASEK MITSUBOSHI montowany na pierwszy monta\u017c do CFMOTO 800 820 850 1000 NAJLEPSZY NA RYNKU!<\/li>\n<\/ol>\n<p>&nbsp;<\/p>\n<p>dost\u0119pne paski r\u00f3wnie\u017c do innych modeli CFMOTO.<\/p>\n","protected":false},"excerpt":{"rendered":"<p>PASEK MITSUBOSHI montowany na pierwszy monta\u017c do CFMOTO 800 820 850 1000 NAJLEPSZY NA RYNKU! &nbsp; dost\u0119pne paski r\u00f3wnie\u017c do&hellip;<\/p>\n","protected":false},"featured_media":3985,"template":"","meta":{"spay_email":""},"product_cat":[95,96,109,113,38],"product_tag":[],"woo-feed-brand":[],"acf":[],"_links":{"self":[{"href":"https:\/\/www.atvquadotwock.pl\/sklep\/wp-json\/wp\/v2\/product\/4000"}],"collection":[{"href":"https:\/\/www.atvquadotwock.pl\/sklep\/wp-json\/wp\/v2\/product"}],"about":[{"href":"https:\/\/www.atvquadotwock.pl\/sklep\/wp-json\/wp\/v2\/types\/product"}],"wp:featuredmedia":[{"embeddable":true,"href":"https:\/\/www.atvquadotwock.pl\/sklep\/wp-json\/wp\/v2\/media\/3985"}],"wp:attachment":[{"href":"https:\/\/www.atvquadotwock.pl\/sklep\/wp-json\/wp\/v2\/media?parent=4000"}],"wp:term":[{"taxonomy":"product_cat","embeddable":true,"href":"https:\/\/www.atvquadotwock.pl\/sklep\/wp-json\/wp\/v2\/product_cat?post=4000"},{"taxonomy":"product_tag","embeddable":true,"href":"https:\/\/www.atvquadotwock.pl\/sklep\/wp-json\/wp\/v2\/product_tag?post=4000"},{"taxonomy":"woo-feed-brand","embeddable":true,"href":"https:\/\/www.atvquadotwock.pl\/sklep\/wp-json\/wp\/v2\/woo-feed-brand?post=4000"}],"curies":[{"name":"wp","href":"https:\/\/api.w.org\/{rel}","templated":true}]}}