{"id":3988,"date":"2022-07-30T09:23:08","date_gmt":"2022-07-30T09:23:08","guid":{"rendered":"https:\/\/www.atvquadotwock.pl\/sklep\/?post_type=product&#038;p=3988"},"modified":"2025-09-01T12:01:35","modified_gmt":"2025-09-01T12:01:35","slug":"pasek-odes-650","status":"publish","type":"product","link":"https:\/\/www.atvquadotwock.pl\/sklep\/produkt\/pasek-odes-650\/","title":{"rendered":"PASEK nap\u0119dowy MITSUBOSHI ODES 650 800 RM DUO SEGWAY AT6"},"content":{"rendered":"<p>PASEK MITSUBOSHI WYPRODUKOWANY W JAPONI.\u00a0 NAJLEPSZY NA RYNKU!<\/p>\n<p>&nbsp;<\/p>\n<p>Pasek nap\u0119dowy Mitsuboshi<\/p>\n<p>oznaczenie paska mitsuboshi : MBLSC170<br \/>\nodpowiednik orygina\u0142u : SQ52-2188-C<\/p>\n<p>zastosowanie:<br \/>\nODES 650 800 RM DUO<\/p>\n<p>SEGWAY AT6 (NAJNOWSZY NAP\u0118D CVTECH PO akcji serwisowej)<\/p>\n<p>Mitsuboshi Belting Ltd. jest japo\u0144skim producentem ze 100 letni\u0105 tradycj\u0105. Firma pochodzi z Kobe i od samego pocz\u0105tku swego istnienia zajmuje si\u0119 produkcj\u0105 wszelkiego typu pas\u00f3w nap\u0119dowych. Mitsuboshi to producent oryginalnych pask\u00f3w nap\u0119dowych do renomowanych quad\u00f3w takich jak Can-am Polaris Cfmoto Kymco TGB i innych\u00a0 pojazd\u00f3w montowanych w japo\u0144skich fabrykach i nie tylko. Mitsuboshi jest r\u00f3wnie\u017c \u015bwiatowym liderem w sektorze zamiennik\u00f3w. Zamienniki produkowane przez Mitsuboshi to te same produkty, kt\u00f3re trafiaj\u0105 do fabryk na pierwszy monta\u017c.<\/p>\n<p>Niew\u0105tpliwym atutem firmy jest stosowanie najwy\u017cszej jako\u015bci materia\u0142\u00f3w oraz rygorystycznego procesu produkcyjnego. Wszyscy, kt\u00f3rzy interesuj\u0105 si\u0119 t\u0105 materi\u0105 potwierdz\u0105, \u017ce produkcja pask\u00f3w nap\u0119dowych jest bardzo skomplikowana. W procesie produkcyjnym wykorzystuje si\u0119 niezwykle skomplikowane urz\u0105dzenia, kt\u00f3re w wi\u0119kszo\u015bci Mitsuboshi produkuje na w\u0142asny u\u017cytek. Dzi\u0119ki temu nie musi patentowa\u0107 niekt\u00f3rych rozwi\u0105za\u0144 technicznych, gdy\u017c nigdy nie opuszczaj\u0105 one mur\u00f3w fabryki. Dlatego jako\u015b\u0107 produktu finalnego dla wielu innych konkurent\u00f3w jest zwyczajnie nieosi\u0105galna.<\/p>\n<p>&nbsp;<\/p>\n<p>dost\u0119pne paski r\u00f3wnie\u017c do innych modeli ODESA oraz do modeli CFMOTO.<\/p>\n","protected":false},"excerpt":{"rendered":"<p>PASEK MITSUBOSHI WYPRODUKOWANY W JAPONI.\u00a0 NAJLEPSZY NA RYNKU! &nbsp; Pasek nap\u0119dowy Mitsuboshi oznaczenie paska mitsuboshi : MBLSC170 odpowiednik orygina\u0142u :&hellip;<\/p>\n","protected":false},"featured_media":3985,"template":"","meta":{"spay_email":""},"product_cat":[120,38],"product_tag":[],"woo-feed-brand":[],"acf":[],"_links":{"self":[{"href":"https:\/\/www.atvquadotwock.pl\/sklep\/wp-json\/wp\/v2\/product\/3988"}],"collection":[{"href":"https:\/\/www.atvquadotwock.pl\/sklep\/wp-json\/wp\/v2\/product"}],"about":[{"href":"https:\/\/www.atvquadotwock.pl\/sklep\/wp-json\/wp\/v2\/types\/product"}],"wp:featuredmedia":[{"embeddable":true,"href":"https:\/\/www.atvquadotwock.pl\/sklep\/wp-json\/wp\/v2\/media\/3985"}],"wp:attachment":[{"href":"https:\/\/www.atvquadotwock.pl\/sklep\/wp-json\/wp\/v2\/media?parent=3988"}],"wp:term":[{"taxonomy":"product_cat","embeddable":true,"href":"https:\/\/www.atvquadotwock.pl\/sklep\/wp-json\/wp\/v2\/product_cat?post=3988"},{"taxonomy":"product_tag","embeddable":true,"href":"https:\/\/www.atvquadotwock.pl\/sklep\/wp-json\/wp\/v2\/product_tag?post=3988"},{"taxonomy":"woo-feed-brand","embeddable":true,"href":"https:\/\/www.atvquadotwock.pl\/sklep\/wp-json\/wp\/v2\/woo-feed-brand?post=3988"}],"curies":[{"name":"wp","href":"https:\/\/api.w.org\/{rel}","templated":true}]}}