{"id":3946,"date":"2022-07-18T10:48:04","date_gmt":"2022-07-18T10:48:04","guid":{"rendered":"https:\/\/www.atvquadotwock.pl\/sklep\/?post_type=product&#038;p=3946"},"modified":"2022-07-19T07:49:18","modified_gmt":"2022-07-19T07:49:18","slug":"przeniesienie-przerobka-noznego-hamulca-na-lewa-strone-mocniejsza-cfmoto-450-500-x5-520-550-600-625-x6-x7-800","status":"publish","type":"product","link":"https:\/\/www.atvquadotwock.pl\/sklep\/produkt\/przeniesienie-przerobka-noznego-hamulca-na-lewa-strone-mocniejsza-cfmoto-450-500-x5-520-550-600-625-x6-x7-800\/","title":{"rendered":"Przeniesienie przer\u00f3bka no\u017cnego hamulca na lew\u0105 stron\u0119 (mocniejsza) CFMOTO 450 500 X5 520 550 600 625 X6 X7 800"},"content":{"rendered":"<p>Zestaw do przer\u00f3bki hamulca no\u017cnego na lew\u0105 stron\u0119 kierownicy.<\/p>\n<p>W zestawie:<\/p>\n<p>pompa, przew\u00f3d hydrauliczny, \u015brubki, mocowanie lusterka fabrycznego.<\/p>\n<p><iframe loading=\"lazy\" title=\"YouTube video player\" src=\"https:\/\/www.youtube.com\/embed\/yaOwch3XuN4\" width=\"560\" height=\"315\" frameborder=\"0\" allowfullscreen=\"allowfullscreen\"><\/iframe><\/p>\n","protected":false},"excerpt":{"rendered":"<p>Zestaw do przer\u00f3bki hamulca no\u017cnego na lew\u0105 stron\u0119 kierownicy. W zestawie: pompa, przew\u00f3d hydrauliczny, \u015brubki, mocowanie lusterka fabrycznego.<\/p>\n","protected":false},"featured_media":3947,"template":"","meta":{"spay_email":""},"product_cat":[112,100,94,90,91,92,93,95,44,23],"product_tag":[],"woo-feed-brand":[],"acf":[],"_links":{"self":[{"href":"https:\/\/www.atvquadotwock.pl\/sklep\/wp-json\/wp\/v2\/product\/3946"}],"collection":[{"href":"https:\/\/www.atvquadotwock.pl\/sklep\/wp-json\/wp\/v2\/product"}],"about":[{"href":"https:\/\/www.atvquadotwock.pl\/sklep\/wp-json\/wp\/v2\/types\/product"}],"wp:featuredmedia":[{"embeddable":true,"href":"https:\/\/www.atvquadotwock.pl\/sklep\/wp-json\/wp\/v2\/media\/3947"}],"wp:attachment":[{"href":"https:\/\/www.atvquadotwock.pl\/sklep\/wp-json\/wp\/v2\/media?parent=3946"}],"wp:term":[{"taxonomy":"product_cat","embeddable":true,"href":"https:\/\/www.atvquadotwock.pl\/sklep\/wp-json\/wp\/v2\/product_cat?post=3946"},{"taxonomy":"product_tag","embeddable":true,"href":"https:\/\/www.atvquadotwock.pl\/sklep\/wp-json\/wp\/v2\/product_tag?post=3946"},{"taxonomy":"woo-feed-brand","embeddable":true,"href":"https:\/\/www.atvquadotwock.pl\/sklep\/wp-json\/wp\/v2\/woo-feed-brand?post=3946"}],"curies":[{"name":"wp","href":"https:\/\/api.w.org\/{rel}","templated":true}]}}