{"id":3928,"date":"2022-07-15T10:04:42","date_gmt":"2022-07-15T10:04:42","guid":{"rendered":"https:\/\/www.atvquadotwock.pl\/sklep\/?post_type=product&#038;p=3928"},"modified":"2022-07-15T10:12:46","modified_gmt":"2022-07-15T10:12:46","slug":"modul-odblokowany-cfmoto-850-cc","status":"publish","type":"product","link":"https:\/\/www.atvquadotwock.pl\/sklep\/produkt\/modul-odblokowany-cfmoto-850-cc\/","title":{"rendered":"Modu\u0142 odblokowany CFMOTO 850 ECU CHIPTUNING CF MOTO"},"content":{"rendered":"<p>Modu\u0142 odblokowany do CFMOTO 850. Bez limitera pr\u0119dko\u015bci. Zale\u017cy od egzemplarza mog\u0105 osi\u0105gna\u0107 ok. 120km\/h<\/p>\n","protected":false},"excerpt":{"rendered":"<p>Modu\u0142 odblokowany do CFMOTO 850. Bez limitera pr\u0119dko\u015bci. Zale\u017cy od egzemplarza mog\u0105 osi\u0105gna\u0107 ok. 120km\/h<\/p>\n","protected":false},"featured_media":3929,"template":"","meta":{"spay_email":""},"product_cat":[97],"product_tag":[],"woo-feed-brand":[],"acf":[],"_links":{"self":[{"href":"https:\/\/www.atvquadotwock.pl\/sklep\/wp-json\/wp\/v2\/product\/3928"}],"collection":[{"href":"https:\/\/www.atvquadotwock.pl\/sklep\/wp-json\/wp\/v2\/product"}],"about":[{"href":"https:\/\/www.atvquadotwock.pl\/sklep\/wp-json\/wp\/v2\/types\/product"}],"wp:featuredmedia":[{"embeddable":true,"href":"https:\/\/www.atvquadotwock.pl\/sklep\/wp-json\/wp\/v2\/media\/3929"}],"wp:attachment":[{"href":"https:\/\/www.atvquadotwock.pl\/sklep\/wp-json\/wp\/v2\/media?parent=3928"}],"wp:term":[{"taxonomy":"product_cat","embeddable":true,"href":"https:\/\/www.atvquadotwock.pl\/sklep\/wp-json\/wp\/v2\/product_cat?post=3928"},{"taxonomy":"product_tag","embeddable":true,"href":"https:\/\/www.atvquadotwock.pl\/sklep\/wp-json\/wp\/v2\/product_tag?post=3928"},{"taxonomy":"woo-feed-brand","embeddable":true,"href":"https:\/\/www.atvquadotwock.pl\/sklep\/wp-json\/wp\/v2\/woo-feed-brand?post=3928"}],"curies":[{"name":"wp","href":"https:\/\/api.w.org\/{rel}","templated":true}]}}