{"id":3918,"date":"2022-07-13T08:12:36","date_gmt":"2022-07-13T08:12:36","guid":{"rendered":"https:\/\/www.atvquadotwock.pl\/sklep\/?post_type=product&#038;p=3918"},"modified":"2026-04-10T09:07:39","modified_gmt":"2026-04-10T09:07:39","slug":"silniczek-napedu-cf-moto","status":"publish","type":"product","link":"https:\/\/www.atvquadotwock.pl\/sklep\/produkt\/silniczek-napedu-cf-moto\/","title":{"rendered":"SILNICZEK NAP\u0118DU CF MOTO 450 520"},"content":{"rendered":"<p>pasuje bezproblemowo do gen2 cfmoto 450\/520 czy goes terrox 400 i 500<\/p>\n<p>do innych modeli nowszych trzeba zdemontowa\u0107 z\u0119batk\u0119 i przerzuci\u0107 swoj\u0105 do tego silniczka.<\/p>\n","protected":false},"excerpt":{"rendered":"<p>pasuje bezproblemowo do gen2 cfmoto 450\/520 czy goes terrox 400 i 500 do innych modeli nowszych trzeba zdemontowa\u0107 z\u0119batk\u0119 i&hellip;<\/p>\n","protected":false},"featured_media":3922,"template":"","meta":{"spay_email":""},"product_cat":[90,91,97,98],"product_tag":[],"woo-feed-brand":[],"acf":[],"_links":{"self":[{"href":"https:\/\/www.atvquadotwock.pl\/sklep\/wp-json\/wp\/v2\/product\/3918"}],"collection":[{"href":"https:\/\/www.atvquadotwock.pl\/sklep\/wp-json\/wp\/v2\/product"}],"about":[{"href":"https:\/\/www.atvquadotwock.pl\/sklep\/wp-json\/wp\/v2\/types\/product"}],"wp:featuredmedia":[{"embeddable":true,"href":"https:\/\/www.atvquadotwock.pl\/sklep\/wp-json\/wp\/v2\/media\/3922"}],"wp:attachment":[{"href":"https:\/\/www.atvquadotwock.pl\/sklep\/wp-json\/wp\/v2\/media?parent=3918"}],"wp:term":[{"taxonomy":"product_cat","embeddable":true,"href":"https:\/\/www.atvquadotwock.pl\/sklep\/wp-json\/wp\/v2\/product_cat?post=3918"},{"taxonomy":"product_tag","embeddable":true,"href":"https:\/\/www.atvquadotwock.pl\/sklep\/wp-json\/wp\/v2\/product_tag?post=3918"},{"taxonomy":"woo-feed-brand","embeddable":true,"href":"https:\/\/www.atvquadotwock.pl\/sklep\/wp-json\/wp\/v2\/woo-feed-brand?post=3918"}],"curies":[{"name":"wp","href":"https:\/\/api.w.org\/{rel}","templated":true}]}}