{"id":3858,"date":"2022-06-21T14:37:55","date_gmt":"2022-06-21T14:37:55","guid":{"rendered":"https:\/\/www.atvquadotwock.pl\/sklep\/?post_type=product&#038;p=3858"},"modified":"2023-03-25T09:47:51","modified_gmt":"2023-03-25T09:47:51","slug":"relokator-chlodnicy-ze-snorklami-cfmoto-450-500-520-550-600","status":"publish","type":"product","link":"https:\/\/www.atvquadotwock.pl\/sklep\/produkt\/relokator-chlodnicy-ze-snorklami-cfmoto-450-500-520-550-600\/","title":{"rendered":"Relokator ch\u0142odnicy ze snorklami CFMOTO 450 500 X5 520 550 600 X6 X7"},"content":{"rendered":"","protected":false},"excerpt":{"rendered":"<p>Relokator ch\u0142odnice ze snorklami<\/p>\n<p>zastosowanie :<br \/>\nCfmoto 500 A, 500 2A 11-15<br \/>\nCfmoto 500 HO 2015-&gt;<br \/>\nCfmoto 520 16-21<\/p>\n<p>&nbsp;<\/p>\n<p>Opis produktu:<br \/>\nRelokator wykonany z aluminium, malowanego proszkowo w kolorze czarno<br \/>\nPrzystosowany do oryginalnej ch\u0142odnicy. Zawiera wszystkie elementy monta\u017cowe (wsporniki , osprz\u0119t i w\u0119\u017ce )<br \/>\nK\u0105t nachylenia mo\u017cna \u0142atwo regulowa\u0107<br \/>\nZaprojektowany z my\u015bl\u0105 o \u0142atwym odpowietrzaniu i konserwacji uk\u0142adu ch\u0142odzenia<\/p>\n","protected":false},"featured_media":3859,"template":"","meta":{"spay_email":""},"product_cat":[112,100,94,90,91,92,93,36],"product_tag":[],"woo-feed-brand":[],"acf":[],"_links":{"self":[{"href":"https:\/\/www.atvquadotwock.pl\/sklep\/wp-json\/wp\/v2\/product\/3858"}],"collection":[{"href":"https:\/\/www.atvquadotwock.pl\/sklep\/wp-json\/wp\/v2\/product"}],"about":[{"href":"https:\/\/www.atvquadotwock.pl\/sklep\/wp-json\/wp\/v2\/types\/product"}],"wp:featuredmedia":[{"embeddable":true,"href":"https:\/\/www.atvquadotwock.pl\/sklep\/wp-json\/wp\/v2\/media\/3859"}],"wp:attachment":[{"href":"https:\/\/www.atvquadotwock.pl\/sklep\/wp-json\/wp\/v2\/media?parent=3858"}],"wp:term":[{"taxonomy":"product_cat","embeddable":true,"href":"https:\/\/www.atvquadotwock.pl\/sklep\/wp-json\/wp\/v2\/product_cat?post=3858"},{"taxonomy":"product_tag","embeddable":true,"href":"https:\/\/www.atvquadotwock.pl\/sklep\/wp-json\/wp\/v2\/product_tag?post=3858"},{"taxonomy":"woo-feed-brand","embeddable":true,"href":"https:\/\/www.atvquadotwock.pl\/sklep\/wp-json\/wp\/v2\/woo-feed-brand?post=3858"}],"curies":[{"name":"wp","href":"https:\/\/api.w.org\/{rel}","templated":true}]}}