{"id":3803,"date":"2022-05-31T10:24:04","date_gmt":"2022-05-31T10:24:04","guid":{"rendered":"https:\/\/www.atvquadotwock.pl\/sklep\/?post_type=product&#038;p=3803"},"modified":"2024-02-09T14:09:40","modified_gmt":"2024-02-09T14:09:40","slug":"wyciagarka-husar-winch-bst-s-4500-atv-quad-utv-12v-lina-syntetyczna","status":"publish","type":"product","link":"https:\/\/www.atvquadotwock.pl\/sklep\/produkt\/wyciagarka-husar-winch-bst-s-4500-atv-quad-utv-12v-lina-syntetyczna\/","title":{"rendered":"WYCI\u0104GARKA HUSAR WINCH BST S 4500 ATV Quad UTV 12V Lina Syntetyczna"},"content":{"rendered":"<p>HUSAR WINCH BST S 4500 LBS z lin\u0105 syntetyczn\u0105<\/p>\n<p>Specyfikacja wyci\u0105garki:<\/p>\n<p>Uci\u0105g: 4500 lb \/ 2041 kg<br \/>\nNapi\u0119cie: 12V<br \/>\nMoc: 1,8 KM<br \/>\nPrzek\u0142adnia: jednostopniowa<br \/>\nRedukcja: 198:1<br \/>\nHamulec: automatyczny<br \/>\nD\u0142ugo\u015b\u0107 liny: 12,2 m<br \/>\nGrubo\u015b\u0107 liny: 5,5 mm<br \/>\nLina: syntetyczna<br \/>\nWymiary wyci\u0105garki (LxWxH): 391mm \u00d7 114mm \u00d7 120mm<br \/>\nWaga zestawu brutto: 10 kg<\/p>\n","protected":false},"excerpt":{"rendered":"<p>HUSAR WINCH BST S 4500 LBS z lin\u0105 syntetyczn\u0105 Specyfikacja wyci\u0105garki: Uci\u0105g: 4500 lb \/ 2041 kg Napi\u0119cie: 12V Moc:&hellip;<\/p>\n","protected":false},"featured_media":4510,"template":"","meta":{"spay_email":""},"product_cat":[39],"product_tag":[],"woo-feed-brand":[],"acf":[],"_links":{"self":[{"href":"https:\/\/www.atvquadotwock.pl\/sklep\/wp-json\/wp\/v2\/product\/3803"}],"collection":[{"href":"https:\/\/www.atvquadotwock.pl\/sklep\/wp-json\/wp\/v2\/product"}],"about":[{"href":"https:\/\/www.atvquadotwock.pl\/sklep\/wp-json\/wp\/v2\/types\/product"}],"wp:featuredmedia":[{"embeddable":true,"href":"https:\/\/www.atvquadotwock.pl\/sklep\/wp-json\/wp\/v2\/media\/4510"}],"wp:attachment":[{"href":"https:\/\/www.atvquadotwock.pl\/sklep\/wp-json\/wp\/v2\/media?parent=3803"}],"wp:term":[{"taxonomy":"product_cat","embeddable":true,"href":"https:\/\/www.atvquadotwock.pl\/sklep\/wp-json\/wp\/v2\/product_cat?post=3803"},{"taxonomy":"product_tag","embeddable":true,"href":"https:\/\/www.atvquadotwock.pl\/sklep\/wp-json\/wp\/v2\/product_tag?post=3803"},{"taxonomy":"woo-feed-brand","embeddable":true,"href":"https:\/\/www.atvquadotwock.pl\/sklep\/wp-json\/wp\/v2\/woo-feed-brand?post=3803"}],"curies":[{"name":"wp","href":"https:\/\/api.w.org\/{rel}","templated":true}]}}