{"id":3779,"date":"2022-05-18T13:04:25","date_gmt":"2022-05-18T13:04:25","guid":{"rendered":"https:\/\/www.atvquadotwock.pl\/sklep\/?post_type=product&#038;p=3779"},"modified":"2022-06-01T09:41:34","modified_gmt":"2022-06-01T09:41:34","slug":"voucher-1h-quad-dwuosobowy","status":"publish","type":"product","link":"https:\/\/www.atvquadotwock.pl\/sklep\/produkt\/voucher-1h-quad-dwuosobowy\/","title":{"rendered":"VOUCHER na jazd\u0119 Quadem 1h QUAD-dwuosobowy"},"content":{"rendered":"<p>Voucher jest wa\u017cny przez 6 msc od daty zakupu.<\/p>\n<p>Quad o pojemno\u015bci 500cc<\/p>\n<p>Aby wykorzysta\u0107 Voucher nale\u017cy zarezerwowa\u0107 termin dzwoni\u0105c pod numer tel: 791477830 lub napisa\u0107 wiadomo\u015b\u0107 na adres E-mail: sklep@atvquadotwock.pl<\/p>\n<p>Wykupuj\u0105c Voucher nale\u017cy w informacjach dodatkowych wpisa\u0107\u00a0Imi\u0119 i nazwisko osoby obdarowywanej.<\/p>\n","protected":false},"excerpt":{"rendered":"<p>Voucher jest wa\u017cny przez 6 msc od daty zakupu. Quad o pojemno\u015bci 500cc Aby wykorzysta\u0107 Voucher nale\u017cy zarezerwowa\u0107 termin dzwoni\u0105c&hellip;<\/p>\n","protected":false},"featured_media":3780,"template":"","meta":{"spay_email":""},"product_cat":[122],"product_tag":[],"woo-feed-brand":[],"acf":[],"_links":{"self":[{"href":"https:\/\/www.atvquadotwock.pl\/sklep\/wp-json\/wp\/v2\/product\/3779"}],"collection":[{"href":"https:\/\/www.atvquadotwock.pl\/sklep\/wp-json\/wp\/v2\/product"}],"about":[{"href":"https:\/\/www.atvquadotwock.pl\/sklep\/wp-json\/wp\/v2\/types\/product"}],"wp:featuredmedia":[{"embeddable":true,"href":"https:\/\/www.atvquadotwock.pl\/sklep\/wp-json\/wp\/v2\/media\/3780"}],"wp:attachment":[{"href":"https:\/\/www.atvquadotwock.pl\/sklep\/wp-json\/wp\/v2\/media?parent=3779"}],"wp:term":[{"taxonomy":"product_cat","embeddable":true,"href":"https:\/\/www.atvquadotwock.pl\/sklep\/wp-json\/wp\/v2\/product_cat?post=3779"},{"taxonomy":"product_tag","embeddable":true,"href":"https:\/\/www.atvquadotwock.pl\/sklep\/wp-json\/wp\/v2\/product_tag?post=3779"},{"taxonomy":"woo-feed-brand","embeddable":true,"href":"https:\/\/www.atvquadotwock.pl\/sklep\/wp-json\/wp\/v2\/woo-feed-brand?post=3779"}],"curies":[{"name":"wp","href":"https:\/\/api.w.org\/{rel}","templated":true}]}}