{"id":3699,"date":"2022-04-15T12:19:18","date_gmt":"2022-04-15T12:19:18","guid":{"rendered":"https:\/\/www.atvquadotwock.pl\/sklep\/?post_type=product&#038;p=3699"},"modified":"2023-03-16T10:03:27","modified_gmt":"2023-03-16T10:03:27","slug":"0gr0-051008-00010-nakretka-wariatora-cfmoto","status":"publish","type":"product","link":"https:\/\/www.atvquadotwock.pl\/sklep\/produkt\/0gr0-051008-00010-nakretka-wariatora-cfmoto\/","title":{"rendered":"0GR0-051008-00010 NAKR\u0118TKA WARIATORA CFMOTO"},"content":{"rendered":"<p>gwint m18<\/p>\n<p>&nbsp;<\/p>\n<p>Produkowane do 2020r<\/p>\n<p>&nbsp;<\/p>\n<p>powy\u017cej 2021r wyst\u0119puje wi\u0119ksza nakr\u0119tka wariatora.<\/p>\n<p>&nbsp;<\/p>\n","protected":false},"excerpt":{"rendered":"<p>gwint m18 &nbsp; Produkowane do 2020r &nbsp; powy\u017cej 2021r wyst\u0119puje wi\u0119ksza nakr\u0119tka wariatora. &nbsp;<\/p>\n","protected":false},"featured_media":3700,"template":"","meta":{"spay_email":""},"product_cat":[90,91,93,106],"product_tag":[],"woo-feed-brand":[],"acf":[],"_links":{"self":[{"href":"https:\/\/www.atvquadotwock.pl\/sklep\/wp-json\/wp\/v2\/product\/3699"}],"collection":[{"href":"https:\/\/www.atvquadotwock.pl\/sklep\/wp-json\/wp\/v2\/product"}],"about":[{"href":"https:\/\/www.atvquadotwock.pl\/sklep\/wp-json\/wp\/v2\/types\/product"}],"wp:featuredmedia":[{"embeddable":true,"href":"https:\/\/www.atvquadotwock.pl\/sklep\/wp-json\/wp\/v2\/media\/3700"}],"wp:attachment":[{"href":"https:\/\/www.atvquadotwock.pl\/sklep\/wp-json\/wp\/v2\/media?parent=3699"}],"wp:term":[{"taxonomy":"product_cat","embeddable":true,"href":"https:\/\/www.atvquadotwock.pl\/sklep\/wp-json\/wp\/v2\/product_cat?post=3699"},{"taxonomy":"product_tag","embeddable":true,"href":"https:\/\/www.atvquadotwock.pl\/sklep\/wp-json\/wp\/v2\/product_tag?post=3699"},{"taxonomy":"woo-feed-brand","embeddable":true,"href":"https:\/\/www.atvquadotwock.pl\/sklep\/wp-json\/wp\/v2\/woo-feed-brand?post=3699"}],"curies":[{"name":"wp","href":"https:\/\/api.w.org\/{rel}","templated":true}]}}