{"id":3690,"date":"2022-04-15T09:59:23","date_gmt":"2022-04-15T09:59:23","guid":{"rendered":"https:\/\/www.atvquadotwock.pl\/sklep\/?post_type=product&#038;p=3690"},"modified":"2025-07-28T09:45:37","modified_gmt":"2025-07-28T09:45:37","slug":"9gq0-100320-10000-wal-kierowniczy","status":"publish","type":"product","link":"https:\/\/www.atvquadotwock.pl\/sklep\/produkt\/9gq0-100320-10000-wal-kierowniczy\/","title":{"rendered":"9GQ0-100320-10000 KOLUMNA CFMOTO 450 520 EPS"},"content":{"rendered":"<p>9GQ0-100320-10000\u00a0 i alternatywny numer 9GQV-100320-8300<\/p>\n<p>&nbsp;<\/p>\n<p>&nbsp;<\/p>\n<p>Paragon lub Faktura vat<\/p>\n<p>Przed zakupem zapytaj nas o dost\u0119pno\u015b\u0107.<br \/>\nSzukasz innych cz\u0119\u015bci do CFMOTO?<br \/>\nNapisz lub zadzwo\u0144. Tw\u00f3j autoryzowany dealer CFMOTO.<\/p>\n<p>Odbi\u00f3r osobisty w siedzibie lub wysy\u0142ka.<\/p>\n<p>Sklep ATV-QUAD<br \/>\n05-400 Otwock ul. \u0141ugi 82<br \/>\nCzynny<br \/>\nod Poniedzia\u0142ku do Pi\u0105tku<br \/>\n9:00-17:00<br \/>\nTEL. 791 477 830<\/p>\n","protected":false},"excerpt":{"rendered":"<p>9GQ0-100320-10000\u00a0 i alternatywny numer 9GQV-100320-8300 &nbsp; &nbsp; Paragon lub Faktura vat Przed zakupem zapytaj nas o dost\u0119pno\u015b\u0107. Szukasz innych cz\u0119\u015bci&hellip;<\/p>\n","protected":false},"featured_media":3691,"template":"","meta":{"spay_email":""},"product_cat":[90,91],"product_tag":[],"woo-feed-brand":[],"acf":[],"_links":{"self":[{"href":"https:\/\/www.atvquadotwock.pl\/sklep\/wp-json\/wp\/v2\/product\/3690"}],"collection":[{"href":"https:\/\/www.atvquadotwock.pl\/sklep\/wp-json\/wp\/v2\/product"}],"about":[{"href":"https:\/\/www.atvquadotwock.pl\/sklep\/wp-json\/wp\/v2\/types\/product"}],"wp:featuredmedia":[{"embeddable":true,"href":"https:\/\/www.atvquadotwock.pl\/sklep\/wp-json\/wp\/v2\/media\/3691"}],"wp:attachment":[{"href":"https:\/\/www.atvquadotwock.pl\/sklep\/wp-json\/wp\/v2\/media?parent=3690"}],"wp:term":[{"taxonomy":"product_cat","embeddable":true,"href":"https:\/\/www.atvquadotwock.pl\/sklep\/wp-json\/wp\/v2\/product_cat?post=3690"},{"taxonomy":"product_tag","embeddable":true,"href":"https:\/\/www.atvquadotwock.pl\/sklep\/wp-json\/wp\/v2\/product_tag?post=3690"},{"taxonomy":"woo-feed-brand","embeddable":true,"href":"https:\/\/www.atvquadotwock.pl\/sklep\/wp-json\/wp\/v2\/woo-feed-brand?post=3690"}],"curies":[{"name":"wp","href":"https:\/\/api.w.org\/{rel}","templated":true}]}}