{"id":3517,"date":"2022-04-07T11:21:51","date_gmt":"2022-04-07T11:21:51","guid":{"rendered":"https:\/\/www.atvquadotwock.pl\/sklep\/?post_type=product&#038;p=3517"},"modified":"2023-03-27T09:13:18","modified_gmt":"2023-03-27T09:13:18","slug":"9gq0-060003-supporter-sway-bar-wspornik","status":"publish","type":"product","link":"https:\/\/www.atvquadotwock.pl\/sklep\/produkt\/9gq0-060003-supporter-sway-bar-wspornik\/","title":{"rendered":"GUMA STABILIZATORA CFMOTO 450 500 520 550 600 625 800 820 9GQ0-060003 SUPPORTER  SWAY BAR WSPORNIK"},"content":{"rendered":"<p>GUMA STABILIZATORA CFMOTO 450 500 550 600 625 800 820<\/p>\n<p>CENA ZA P\u00d3\u0141\u00d3WK\u0118. NA CA\u0141Y DR\u0104\u017bEK S\u0104 4 SZT.<\/p>\n<p>&nbsp;<\/p>\n<p>WERSJE CA\u0141E JU\u017b NIE PRODUKOWANE S\u0104 W STARSZYCH MODELACH.<\/p>\n<p>NUMER 9010-060003 1szt zast\u0119puje 9GQ0-060003 2szt<\/p>\n<p>&nbsp;<\/p>\n<p>KOD OEM 9GQ0-060003 SUPPORTER SWAY BAR WSPORNIK<\/p>\n","protected":false},"excerpt":{"rendered":"<p>GUMA STABILIZATORA CFMOTO 450 500 550 600 625 800 820 CENA ZA P\u00d3\u0141\u00d3WK\u0118. NA CA\u0141Y DR\u0104\u017bEK S\u0104 4 SZT. &nbsp;&hellip;<\/p>\n","protected":false},"featured_media":3529,"template":"","meta":{"spay_email":""},"product_cat":[123,112,100,94,90,91,92,93,106,95,96],"product_tag":[],"woo-feed-brand":[],"acf":[],"_links":{"self":[{"href":"https:\/\/www.atvquadotwock.pl\/sklep\/wp-json\/wp\/v2\/product\/3517"}],"collection":[{"href":"https:\/\/www.atvquadotwock.pl\/sklep\/wp-json\/wp\/v2\/product"}],"about":[{"href":"https:\/\/www.atvquadotwock.pl\/sklep\/wp-json\/wp\/v2\/types\/product"}],"wp:featuredmedia":[{"embeddable":true,"href":"https:\/\/www.atvquadotwock.pl\/sklep\/wp-json\/wp\/v2\/media\/3529"}],"wp:attachment":[{"href":"https:\/\/www.atvquadotwock.pl\/sklep\/wp-json\/wp\/v2\/media?parent=3517"}],"wp:term":[{"taxonomy":"product_cat","embeddable":true,"href":"https:\/\/www.atvquadotwock.pl\/sklep\/wp-json\/wp\/v2\/product_cat?post=3517"},{"taxonomy":"product_tag","embeddable":true,"href":"https:\/\/www.atvquadotwock.pl\/sklep\/wp-json\/wp\/v2\/product_tag?post=3517"},{"taxonomy":"woo-feed-brand","embeddable":true,"href":"https:\/\/www.atvquadotwock.pl\/sklep\/wp-json\/wp\/v2\/woo-feed-brand?post=3517"}],"curies":[{"name":"wp","href":"https:\/\/api.w.org\/{rel}","templated":true}]}}