{"id":3510,"date":"2022-04-07T10:01:22","date_gmt":"2022-04-07T10:01:22","guid":{"rendered":"https:\/\/www.atvquadotwock.pl\/sklep\/?post_type=product&#038;p=3510"},"modified":"2022-06-14T12:17:30","modified_gmt":"2022-06-14T12:17:30","slug":"0gq0-024000-camshaft-assyn-m","status":"publish","type":"product","link":"https:\/\/www.atvquadotwock.pl\/sklep\/produkt\/0gq0-024000-camshaft-assyn-m\/","title":{"rendered":"0GQ0-024000 CAMSHAFT wa\u0142ek rozrz\u0105du cfmoto 450 520 550 600 625"},"content":{"rendered":"<p>Paragon lub Faktura vat<br \/>\nPrzed zakupem zapytaj nas o dost\u0119pno\u015b\u0107.<br \/>\nSzukasz innych cz\u0119\u015bci do CFMOTO?<br \/>\nNapisz lub zadzwo\u0144. Tw\u00f3j autoryzowany dealer CFMOTO.<\/p>\n<p>Odbi\u00f3r osobisty w siedzibie lub wysy\u0142ka.<\/p>\n<p>Sklep ATV-QUAD<br \/>\n05-400 Otwock ul. \u0141ugi 82<br \/>\nCzynny<br \/>\nod Poniedzia\u0142ku do Pi\u0105tku<br \/>\n9:00-17:00<\/p>\n","protected":false},"excerpt":{"rendered":"<p>Paragon lub Faktura vat Przed zakupem zapytaj nas o dost\u0119pno\u015b\u0107. Szukasz innych cz\u0119\u015bci do CFMOTO? Napisz lub zadzwo\u0144. Tw\u00f3j autoryzowany&hellip;<\/p>\n","protected":false},"featured_media":3511,"template":"","meta":{"spay_email":""},"product_cat":[90,91,92,93,106],"product_tag":[],"woo-feed-brand":[],"acf":[],"_links":{"self":[{"href":"https:\/\/www.atvquadotwock.pl\/sklep\/wp-json\/wp\/v2\/product\/3510"}],"collection":[{"href":"https:\/\/www.atvquadotwock.pl\/sklep\/wp-json\/wp\/v2\/product"}],"about":[{"href":"https:\/\/www.atvquadotwock.pl\/sklep\/wp-json\/wp\/v2\/types\/product"}],"wp:featuredmedia":[{"embeddable":true,"href":"https:\/\/www.atvquadotwock.pl\/sklep\/wp-json\/wp\/v2\/media\/3511"}],"wp:attachment":[{"href":"https:\/\/www.atvquadotwock.pl\/sklep\/wp-json\/wp\/v2\/media?parent=3510"}],"wp:term":[{"taxonomy":"product_cat","embeddable":true,"href":"https:\/\/www.atvquadotwock.pl\/sklep\/wp-json\/wp\/v2\/product_cat?post=3510"},{"taxonomy":"product_tag","embeddable":true,"href":"https:\/\/www.atvquadotwock.pl\/sklep\/wp-json\/wp\/v2\/product_tag?post=3510"},{"taxonomy":"woo-feed-brand","embeddable":true,"href":"https:\/\/www.atvquadotwock.pl\/sklep\/wp-json\/wp\/v2\/woo-feed-brand?post=3510"}],"curies":[{"name":"wp","href":"https:\/\/api.w.org\/{rel}","templated":true}]}}