{"id":3504,"date":"2022-04-07T09:03:20","date_gmt":"2022-04-07T09:03:20","guid":{"rendered":"https:\/\/www.atvquadotwock.pl\/sklep\/?post_type=product&#038;p=3504"},"modified":"2022-04-07T09:05:05","modified_gmt":"2022-04-07T09:05:05","slug":"oring-cvtech-0180-022011-o-seal-ring-40x2-4-pierscien-uszczelniajacy","status":"publish","type":"product","link":"https:\/\/www.atvquadotwock.pl\/sklep\/produkt\/oring-cvtech-0180-022011-o-seal-ring-40x2-4-pierscien-uszczelniajacy\/","title":{"rendered":"oring cvtech 0180-022011 O-SEAL RING 40\u00d72.4 Pier\u015bcie\u0144 Uszczelniaj\u0105cy"},"content":{"rendered":"","protected":false},"excerpt":{"rendered":"","protected":false},"featured_media":3505,"template":"","meta":{"spay_email":""},"product_cat":[80],"product_tag":[],"woo-feed-brand":[],"acf":[],"_links":{"self":[{"href":"https:\/\/www.atvquadotwock.pl\/sklep\/wp-json\/wp\/v2\/product\/3504"}],"collection":[{"href":"https:\/\/www.atvquadotwock.pl\/sklep\/wp-json\/wp\/v2\/product"}],"about":[{"href":"https:\/\/www.atvquadotwock.pl\/sklep\/wp-json\/wp\/v2\/types\/product"}],"wp:featuredmedia":[{"embeddable":true,"href":"https:\/\/www.atvquadotwock.pl\/sklep\/wp-json\/wp\/v2\/media\/3505"}],"wp:attachment":[{"href":"https:\/\/www.atvquadotwock.pl\/sklep\/wp-json\/wp\/v2\/media?parent=3504"}],"wp:term":[{"taxonomy":"product_cat","embeddable":true,"href":"https:\/\/www.atvquadotwock.pl\/sklep\/wp-json\/wp\/v2\/product_cat?post=3504"},{"taxonomy":"product_tag","embeddable":true,"href":"https:\/\/www.atvquadotwock.pl\/sklep\/wp-json\/wp\/v2\/product_tag?post=3504"},{"taxonomy":"woo-feed-brand","embeddable":true,"href":"https:\/\/www.atvquadotwock.pl\/sklep\/wp-json\/wp\/v2\/woo-feed-brand?post=3504"}],"curies":[{"name":"wp","href":"https:\/\/api.w.org\/{rel}","templated":true}]}}